{"id":57,"date":"2024-12-07T13:35:46","date_gmt":"2024-12-07T13:35:46","guid":{"rendered":"https:\/\/fogdakezem.com\/?page_id=57"},"modified":"2025-11-01T09:01:03","modified_gmt":"2025-11-01T09:01:03","slug":"press","status":"publish","type":"page","link":"https:\/\/fogdakezem.com\/hu\/press\/","title":{"rendered":"Press"},"content":{"rendered":"\n<div id=\"wp-block-themeisle-blocks-advanced-columns-dfd643f3\" class=\"wp-block-themeisle-blocks-advanced-columns alignfull has-5-columns has-desktop-equal-layout has-tablet-equal-layout has-mobile-collapsedRows-layout has-reverse-columns-mobile has-vertical-center ticss-c00aadba\"><div class=\"wp-block-themeisle-blocks-advanced-columns-overlay\"><\/div><div class=\"innerblocks-wrap\">\n<div id=\"wp-block-themeisle-blocks-advanced-column-127ec10e\" class=\"wp-block-themeisle-blocks-advanced-column\">\n<div class=\"wp-block-cover has-custom-content-position is-position-bottom-center\" style=\"margin-bottom:0;min-height:380px;aspect-ratio:unset;\"><span aria-hidden=\"true\" class=\"wp-block-cover__background has-background-dim\" style=\"background-color:#656c84\"><\/span><img loading=\"lazy\" decoding=\"async\" width=\"1379\" height=\"2009\" class=\"wp-block-cover__image-background wp-image-389\" alt=\"\" src=\"https:\/\/fogdakezem.com\/wp-content\/uploads\/2025\/01\/tilos-riport-site-1.jpg\" data-object-fit=\"cover\" srcset=\"https:\/\/fogdakezem.com\/wp-content\/uploads\/2025\/01\/tilos-riport-site-1.jpg 1379w, https:\/\/fogdakezem.com\/wp-content\/uploads\/2025\/01\/tilos-riport-site-1-206x300.jpg 206w, https:\/\/fogdakezem.com\/wp-content\/uploads\/2025\/01\/tilos-riport-site-1-703x1024.jpg 703w, https:\/\/fogdakezem.com\/wp-content\/uploads\/2025\/01\/tilos-riport-site-1-768x1119.jpg 768w, https:\/\/fogdakezem.com\/wp-content\/uploads\/2025\/01\/tilos-riport-site-1-1054x1536.jpg 1054w\" sizes=\"auto, (max-width: 1379px) 100vw, 1379px\" \/><div class=\"wp-block-cover__inner-container is-layout-flow wp-block-cover-is-layout-flow\">\n<div class=\"wp-block-group is-nowrap is-layout-flex wp-container-core-group-is-layout-1 wp-block-group-is-layout-flex\">\n<div class=\"wp-block-buttons is-content-justification-center is-layout-flex wp-container-core-buttons-is-layout-1 wp-block-buttons-is-layout-flex\">\n<div class=\"wp-block-button is-style-primary is-style-fill\"><a class=\"wp-block-button__link has-foreground-background-color has-background wp-element-button\" href=\"https:\/\/www.youtube.com\/watch?v=_mRKZQ7-ro8&amp;t=5s\">Tov\u00e1bb<\/a><\/div>\n<\/div>\n\n\n\n<h2 class=\"wp-block-heading has-text-align-center has-background-color has-text-color\" id=\"people\" style=\"border-style:none;border-width:0px;margin-top:0;margin-right:0;margin-bottom:0;margin-left:0;font-size:42px\">Tilos interj\u00fa<\/h2>\n<\/div>\n<\/div><\/div>\n<\/div>\n\n\n\n<div id=\"wp-block-themeisle-blocks-advanced-column-41375b45\" class=\"wp-block-themeisle-blocks-advanced-column ticss-41375b45\">\n<p><\/p>\n\n\n\n<div class=\"wp-block-group\"><div class=\"wp-block-group__inner-container is-layout-constrained wp-block-group-is-layout-constrained\"><div class=\"wp-block-image\">\n<figure class=\"aligncenter size-full is-resized\"><img loading=\"lazy\" decoding=\"async\" width=\"220\" height=\"211\" src=\"https:\/\/fogdakezem.com\/wp-content\/uploads\/2025\/01\/Screenshot-from-2025-01-07-22-42-54.png\" alt=\"\" class=\"wp-image-335\" style=\"width:212px;height:auto\"\/><\/figure><\/div>\n\n<div class=\"wp-block-image\">\n<figure class=\"aligncenter size-full is-resized\"><img loading=\"lazy\" decoding=\"async\" width=\"457\" height=\"214\" src=\"https:\/\/fogdakezem.com\/wp-content\/uploads\/2025\/01\/Screenshot-from-2025-01-07-22-42-42.png\" alt=\"\" class=\"wp-image-336\" style=\"width:173px;height:auto\" srcset=\"https:\/\/fogdakezem.com\/wp-content\/uploads\/2025\/01\/Screenshot-from-2025-01-07-22-42-42.png 457w, https:\/\/fogdakezem.com\/wp-content\/uploads\/2025\/01\/Screenshot-from-2025-01-07-22-42-42-300x140.png 300w\" sizes=\"auto, (max-width: 457px) 100vw, 457px\" \/><\/figure><\/div><\/div><\/div>\n\n\n\n<h3 class=\"wp-block-heading has-text-align-center\" style=\"font-size:34px\"><em>Dr Herczog M\u00e1ria   aj\u00e1nl\u00f3ja<\/em><\/h3>\n\n\n\n<div class=\"wp-block-buttons is-content-justification-center is-layout-flex wp-container-core-buttons-is-layout-2 wp-block-buttons-is-layout-flex\">\n<div class=\"wp-block-button is-style-primary\"><a class=\"wp-block-button__link has-foreground-background-color has-background wp-element-button\" href=\"https:\/\/fogdakezem.com\/wp-content\/uploads\/2025\/01\/herczog-1.jpg\" target=\"_blank\" rel=\"noreferrer noopener\">Tov\u00e1bb<\/a><\/div>\n<\/div>\n<\/div>\n\n\n\n<div id=\"wp-block-themeisle-blocks-advanced-column-eefb8312\" class=\"wp-block-themeisle-blocks-advanced-column\">\n<div class=\"wp-block-cover alignfull has-custom-content-position is-position-bottom-center\" style=\"margin-bottom:0;min-height:411px;aspect-ratio:unset;\"><span aria-hidden=\"true\" class=\"wp-block-cover__background has-background-dim\" style=\"background-color:#6f611a\"><\/span><img loading=\"lazy\" decoding=\"async\" width=\"400\" height=\"400\" class=\"wp-block-cover__image-background wp-image-493\" alt=\"\" src=\"https:\/\/fogdakezem.com\/wp-content\/uploads\/2025\/02\/220209651_4062907737091377_1418608956314193730_n.jpg\" data-object-fit=\"cover\" srcset=\"https:\/\/fogdakezem.com\/wp-content\/uploads\/2025\/02\/220209651_4062907737091377_1418608956314193730_n.jpg 400w, https:\/\/fogdakezem.com\/wp-content\/uploads\/2025\/02\/220209651_4062907737091377_1418608956314193730_n-300x300.jpg 300w, https:\/\/fogdakezem.com\/wp-content\/uploads\/2025\/02\/220209651_4062907737091377_1418608956314193730_n-150x150.jpg 150w, https:\/\/fogdakezem.com\/wp-content\/uploads\/2025\/02\/220209651_4062907737091377_1418608956314193730_n-12x12.jpg 12w\" sizes=\"auto, (max-width: 400px) 100vw, 400px\" \/><div class=\"wp-block-cover__inner-container is-layout-flow wp-block-cover-is-layout-flow\">\n<h2 class=\"wp-block-heading has-text-align-center has-background-color has-text-color\" id=\"nature\">Magyar Narancs<\/h2>\n\n\n\n<div class=\"wp-block-buttons is-content-justification-center is-layout-flex wp-container-core-buttons-is-layout-3 wp-block-buttons-is-layout-flex\">\n<div class=\"wp-block-button is-style-primary\"><a class=\"wp-block-button__link has-foreground-background-color has-background wp-element-button\" href=\"https:\/\/magyarnarancs.hu\/mikrofilm\/allami-gondozasban-elo-gyerekekrol-szolo-film-a-filmszemlen-nemcsak-a-gyerekek-de-egy-megfojtott-szakma-jajszavat-is-hallatjuk-274415\">Interj\u00fa a Mancsban<\/a><\/div>\n\n\n\n<div class=\"wp-block-button is-style-primary\"><a class=\"wp-block-button__link has-foreground-background-color has-background wp-element-button\" href=\"https:\/\/www.facebook.com\/fogdakezem.film\/posts\/pfbid0zwo1QzT14eghKwDMabWt2A991xMRjiozW9nLqvqqRMzegDpz2pjByaAeQvGF1C9Dl\">V\u00e1gatlan interj\u00fa<\/a><\/div>\n<\/div>\n<\/div><\/div>\n<\/div>\n\n\n\n<div id=\"wp-block-themeisle-blocks-advanced-column-2fd252d0\" class=\"wp-block-themeisle-blocks-advanced-column\">\n<div id=\"wp-block-themeisle-blocks-advanced-columns-9e61f650\" class=\"wp-block-themeisle-blocks-advanced-columns has-1-columns has-desktop-equal-layout has-tablet-equal-layout has-mobile-equal-layout has-vertical-unset\"><div class=\"wp-block-themeisle-blocks-advanced-columns-overlay\"><\/div><div class=\"innerblocks-wrap\">\n<div id=\"wp-block-themeisle-blocks-advanced-column-f92bf65a\" class=\"wp-block-themeisle-blocks-advanced-column\">\n<div class=\"wp-block-cover is-light\" style=\"min-height:411px;aspect-ratio:unset;\"><span aria-hidden=\"true\" class=\"wp-block-cover__background has-background-dim-0 has-background-dim\"><\/span><img loading=\"lazy\" decoding=\"async\" width=\"1024\" height=\"1024\" class=\"wp-block-cover__image-background wp-image-538\" alt=\"\" src=\"https:\/\/fogdakezem.com\/wp-content\/uploads\/2025\/02\/wmn-1024x1024.jpg\" style=\"object-position:51% 50%\" data-object-fit=\"cover\" data-object-position=\"51% 50%\" srcset=\"https:\/\/fogdakezem.com\/wp-content\/uploads\/2025\/02\/wmn-1024x1024.jpg 1024w, https:\/\/fogdakezem.com\/wp-content\/uploads\/2025\/02\/wmn-300x300.jpg 300w, https:\/\/fogdakezem.com\/wp-content\/uploads\/2025\/02\/wmn-150x150.jpg 150w, https:\/\/fogdakezem.com\/wp-content\/uploads\/2025\/02\/wmn-768x768.jpg 768w, https:\/\/fogdakezem.com\/wp-content\/uploads\/2025\/02\/wmn-1536x1536.jpg 1536w, https:\/\/fogdakezem.com\/wp-content\/uploads\/2025\/02\/wmn-12x12.jpg 12w, https:\/\/fogdakezem.com\/wp-content\/uploads\/2025\/02\/wmn-1568x1568.jpg 1568w, https:\/\/fogdakezem.com\/wp-content\/uploads\/2025\/02\/wmn.jpg 1875w\" sizes=\"auto, (max-width: 1024px) 100vw, 1024px\" \/><div class=\"wp-block-cover__inner-container is-layout-flow wp-block-cover-is-layout-flow\">\n<p class=\"has-text-align-center has-large-font-size\"><\/p>\n\n\n\n<div class=\"wp-block-buttons is-layout-flex wp-block-buttons-is-layout-flex\">\n<div class=\"wp-block-button\"><a class=\"wp-block-button__link wp-element-button\" href=\"https:\/\/wmn.hu\/ugy\/64282-allami-gondozott-gyerekek-fogd-a-kezem-dokumentumfilm\">Tov\u00e1bb<\/a><\/div>\n<\/div>\n<\/div><\/div>\n<\/div>\n<\/div><\/div>\n<\/div>\n\n\n\n<div id=\"wp-block-themeisle-blocks-advanced-column-decdd550\" class=\"wp-block-themeisle-blocks-advanced-column\"><\/div>\n<\/div><\/div>\n\n\n\n<div id=\"wp-block-themeisle-blocks-advanced-columns-6603283a\" class=\"wp-block-themeisle-blocks-advanced-columns alignfull has-4-columns has-desktop-equal-layout has-tablet-equal-layout has-mobile-collapsedRows-layout has-reverse-columns-mobile has-vertical-center ticss-c00aadba\"><div class=\"wp-block-themeisle-blocks-advanced-columns-overlay\"><\/div><div class=\"innerblocks-wrap\">\n<div id=\"wp-block-themeisle-blocks-advanced-column-b5381a34\" class=\"wp-block-themeisle-blocks-advanced-column\">\n<div class=\"wp-block-cover is-light has-custom-content-position is-position-bottom-center\" style=\"margin-bottom:0;min-height:365px;aspect-ratio:unset;\"><span aria-hidden=\"true\" class=\"wp-block-cover__background has-background-dim\" style=\"background-color:#8eacc6\"><\/span><img loading=\"lazy\" decoding=\"async\" width=\"2048\" height=\"2048\" class=\"wp-block-cover__image-background wp-image-168\" alt=\"\" src=\"https:\/\/fogdakezem.com\/wp-content\/uploads\/2024\/12\/partmozi.jpg\" data-object-fit=\"cover\" srcset=\"https:\/\/fogdakezem.com\/wp-content\/uploads\/2024\/12\/partmozi.jpg 2048w, https:\/\/fogdakezem.com\/wp-content\/uploads\/2024\/12\/partmozi-300x300.jpg 300w, https:\/\/fogdakezem.com\/wp-content\/uploads\/2024\/12\/partmozi-1024x1024.jpg 1024w, https:\/\/fogdakezem.com\/wp-content\/uploads\/2024\/12\/partmozi-150x150.jpg 150w, https:\/\/fogdakezem.com\/wp-content\/uploads\/2024\/12\/partmozi-768x768.jpg 768w, https:\/\/fogdakezem.com\/wp-content\/uploads\/2024\/12\/partmozi-1536x1536.jpg 1536w, https:\/\/fogdakezem.com\/wp-content\/uploads\/2024\/12\/partmozi-1568x1568.jpg 1568w\" sizes=\"auto, (max-width: 2048px) 100vw, 2048px\" \/><div class=\"wp-block-cover__inner-container is-layout-flow wp-block-cover-is-layout-flow\">\n<h2 class=\"wp-block-heading has-text-align-center has-foreground-color has-text-color\" id=\"people\" style=\"border-style:none;border-width:0px;margin-top:0;margin-right:0;margin-bottom:0;margin-left:0\"><\/h2>\n\n\n\n<div class=\"wp-block-buttons is-content-justification-center is-layout-flex wp-container-core-buttons-is-layout-5 wp-block-buttons-is-layout-flex\">\n<div class=\"wp-block-button is-style-primary is-style-fill\"><a class=\"wp-block-button__link has-foreground-background-color has-background wp-element-button\" href=\"https:\/\/www.facebook.com\/partmozi\/posts\/pfbid02juiHxmhaieZj54KrRwtRtuD5iCAkpPs5jv76f8FUJprco92EiF5WeUjobVSPDb5el\">Tov\u00e1bb<\/a><\/div>\n<\/div>\n<\/div><\/div>\n<\/div>\n\n\n\n<div id=\"wp-block-themeisle-blocks-advanced-column-c41ee8e6\" class=\"wp-block-themeisle-blocks-advanced-column ticss-41375b45\">\n<p><\/p>\n\n\n\n<div class=\"wp-block-group\"><div class=\"wp-block-group__inner-container is-layout-constrained wp-block-group-is-layout-constrained\"><div class=\"wp-block-image\">\n<figure class=\"aligncenter size-full is-resized\"><img loading=\"lazy\" decoding=\"async\" width=\"225\" height=\"225\" src=\"https:\/\/fogdakezem.com\/wp-content\/uploads\/2025\/01\/tapolocamedia.jpeg\" alt=\"\" class=\"wp-image-392\" style=\"width:212px;height:auto\" srcset=\"https:\/\/fogdakezem.com\/wp-content\/uploads\/2025\/01\/tapolocamedia.jpeg 225w, https:\/\/fogdakezem.com\/wp-content\/uploads\/2025\/01\/tapolocamedia-150x150.jpeg 150w\" sizes=\"auto, (max-width: 225px) 100vw, 225px\" \/><\/figure><\/div>\n\n<div class=\"wp-block-image\">\n<figure class=\"aligncenter size-full\"><img loading=\"lazy\" decoding=\"async\" width=\"189\" height=\"266\" src=\"https:\/\/fogdakezem.com\/wp-content\/uploads\/2025\/01\/tapocaujsag.jpeg\" alt=\"\" class=\"wp-image-394\"\/><\/figure><\/div><\/div><\/div>\n\n\n\n<div class=\"wp-block-buttons is-content-justification-center is-layout-flex wp-container-core-buttons-is-layout-6 wp-block-buttons-is-layout-flex\">\n<div class=\"wp-block-button is-style-primary\"><a class=\"wp-block-button__link has-foreground-background-color has-background wp-element-button\" href=\"https:\/\/tapolcaimedia.hu\/2024\/09\/film-keszul-azokert-akiknek-a-legnagyobb-szeretetre-lenne-szukseguk\/\" target=\"_blank\" rel=\"noreferrer noopener\">Tov\u00e1bb<\/a><\/div>\n<\/div>\n<\/div>\n\n\n\n<div id=\"wp-block-themeisle-blocks-advanced-column-21d3c525\" class=\"wp-block-themeisle-blocks-advanced-column\">\n<div class=\"wp-block-cover alignfull has-custom-content-position is-position-bottom-center\" style=\"margin-bottom:0;min-height:400px;aspect-ratio:unset;\"><span aria-hidden=\"true\" class=\"wp-block-cover__background has-background-dim-0 has-background-dim\" style=\"background-color:#484852\"><\/span><img loading=\"lazy\" decoding=\"async\" width=\"1824\" height=\"2160\" class=\"wp-block-cover__image-background wp-image-400\" alt=\"\" src=\"https:\/\/fogdakezem.com\/wp-content\/uploads\/2025\/01\/tami-mosoly_7terito-1.jpg\" data-object-fit=\"cover\" srcset=\"https:\/\/fogdakezem.com\/wp-content\/uploads\/2025\/01\/tami-mosoly_7terito-1.jpg 1824w, https:\/\/fogdakezem.com\/wp-content\/uploads\/2025\/01\/tami-mosoly_7terito-1-253x300.jpg 253w, https:\/\/fogdakezem.com\/wp-content\/uploads\/2025\/01\/tami-mosoly_7terito-1-865x1024.jpg 865w, https:\/\/fogdakezem.com\/wp-content\/uploads\/2025\/01\/tami-mosoly_7terito-1-768x909.jpg 768w, https:\/\/fogdakezem.com\/wp-content\/uploads\/2025\/01\/tami-mosoly_7terito-1-1297x1536.jpg 1297w, https:\/\/fogdakezem.com\/wp-content\/uploads\/2025\/01\/tami-mosoly_7terito-1-1729x2048.jpg 1729w, https:\/\/fogdakezem.com\/wp-content\/uploads\/2025\/01\/tami-mosoly_7terito-1-1568x1857.jpg 1568w\" sizes=\"auto, (max-width: 1824px) 100vw, 1824px\" \/><div class=\"wp-block-cover__inner-container is-layout-flow wp-block-cover-is-layout-flow\">\n<h2 class=\"wp-block-heading has-text-align-center has-foreground-color has-text-color\" id=\"nature\"><\/h2>\n\n\n\n<div class=\"wp-block-buttons is-content-justification-center is-layout-flex wp-container-core-buttons-is-layout-7 wp-block-buttons-is-layout-flex\">\n<div class=\"wp-block-button is-style-primary\"><a class=\"wp-block-button__link has-foreground-background-color has-background wp-element-button\" href=\"https:\/\/www.youtube.com\/watch?v=pkrADPcMuqY&amp;t=353s\">Tov\u00e1bb<\/a><\/div>\n<\/div>\n<\/div><\/div>\n<\/div>\n\n\n\n<div id=\"wp-block-themeisle-blocks-advanced-column-d7e2c614\" class=\"wp-block-themeisle-blocks-advanced-column\"><\/div>\n<\/div><\/div>\n\n\n\n<div id=\"wp-block-themeisle-blocks-advanced-columns-041be4c9\" class=\"wp-block-themeisle-blocks-advanced-columns alignfull has-2-columns has-desktop-equal-layout has-tablet-equal-layout has-mobile-collapsedRows-layout has-reverse-columns-mobile has-vertical-center ticss-c00aadba\"><div class=\"wp-block-themeisle-blocks-advanced-columns-overlay\"><\/div><div class=\"innerblocks-wrap\">\n<div id=\"wp-block-themeisle-blocks-advanced-column-db49954b\" class=\"wp-block-themeisle-blocks-advanced-column\">\n<div class=\"wp-block-cover is-light has-custom-content-position is-position-bottom-center\" style=\"margin-bottom:0;min-height:439px;aspect-ratio:unset;\"><span aria-hidden=\"true\" class=\"wp-block-cover__background has-background-dim\" style=\"background-color:#f7f2ea\"><\/span><img loading=\"lazy\" decoding=\"async\" width=\"963\" height=\"730\" class=\"wp-block-cover__image-background wp-image-416\" alt=\"\" src=\"https:\/\/fogdakezem.com\/wp-content\/uploads\/2025\/01\/kisfaludy-logo-1.jpg\" data-object-fit=\"cover\" srcset=\"https:\/\/fogdakezem.com\/wp-content\/uploads\/2025\/01\/kisfaludy-logo-1.jpg 963w, https:\/\/fogdakezem.com\/wp-content\/uploads\/2025\/01\/kisfaludy-logo-1-300x227.jpg 300w, https:\/\/fogdakezem.com\/wp-content\/uploads\/2025\/01\/kisfaludy-logo-1-768x582.jpg 768w\" sizes=\"auto, (max-width: 963px) 100vw, 963px\" \/><div class=\"wp-block-cover__inner-container is-layout-flow wp-block-cover-is-layout-flow\">\n<h2 class=\"wp-block-heading has-text-align-center has-foreground-color has-text-color\" id=\"people\" style=\"border-style:none;border-width:0px;margin-top:0;margin-right:0;margin-bottom:0;margin-left:0\"><\/h2>\n\n\n\n<div class=\"wp-block-buttons is-content-justification-center is-layout-flex wp-container-core-buttons-is-layout-8 wp-block-buttons-is-layout-flex\">\n<div class=\"wp-block-button is-style-primary is-style-fill\"><a class=\"wp-block-button__link has-foreground-background-color has-background wp-element-button\" href=\"https:\/\/www.facebook.com\/kisfaludymk\/posts\/pfbid02M76k9CAKgYywNmzfq1bRQZHXVGhB1pynvMNfCSswT6Xtpax6b5o9FUdUypVzJeoql\">Tov\u00e1bb<\/a><\/div>\n<\/div>\n<\/div><\/div>\n<\/div>\n\n\n\n<div id=\"wp-block-themeisle-blocks-advanced-column-12b776d5\" class=\"wp-block-themeisle-blocks-advanced-column\">\n<div class=\"wp-block-columns is-layout-flex wp-container-core-columns-is-layout-1 wp-block-columns-is-layout-flex\">\n<div class=\"wp-block-column is-layout-flow wp-block-column-is-layout-flow\" style=\"flex-basis:50%\">\n<div class=\"wp-block-cover alignfull is-light has-custom-content-position is-position-bottom-center\" style=\"margin-bottom:0;min-height:463px;aspect-ratio:unset;\"><span aria-hidden=\"true\" class=\"wp-block-cover__background has-background-dim-0 has-background-dim\" style=\"background-color:#eee8eb\"><\/span><img loading=\"lazy\" decoding=\"async\" width=\"1079\" height=\"1079\" class=\"wp-block-cover__image-background wp-image-169\" alt=\"\" src=\"https:\/\/fogdakezem.com\/wp-content\/uploads\/2024\/12\/veol.jpg\" data-object-fit=\"cover\" srcset=\"https:\/\/fogdakezem.com\/wp-content\/uploads\/2024\/12\/veol.jpg 1079w, https:\/\/fogdakezem.com\/wp-content\/uploads\/2024\/12\/veol-300x300.jpg 300w, https:\/\/fogdakezem.com\/wp-content\/uploads\/2024\/12\/veol-1024x1024.jpg 1024w, https:\/\/fogdakezem.com\/wp-content\/uploads\/2024\/12\/veol-150x150.jpg 150w, https:\/\/fogdakezem.com\/wp-content\/uploads\/2024\/12\/veol-768x768.jpg 768w\" sizes=\"auto, (max-width: 1079px) 100vw, 1079px\" \/><div class=\"wp-block-cover__inner-container is-layout-flow wp-block-cover-is-layout-flow\">\n<h2 class=\"wp-block-heading has-text-align-center has-foreground-color has-text-color\" id=\"nature\"><\/h2>\n\n\n\n<div class=\"wp-block-buttons is-content-justification-center is-layout-flex wp-container-core-buttons-is-layout-9 wp-block-buttons-is-layout-flex\">\n<div class=\"wp-block-button is-style-primary\"><a class=\"wp-block-button__link has-foreground-background-color has-background wp-element-button\" href=\"https:\/\/www.veol.hu\/helyi-kultura\/2024\/09\/tb0920tamifilmje\">Tov\u00e1bb<\/a><\/div>\n<\/div>\n<\/div><\/div>\n<\/div>\n\n\n\n<div class=\"wp-block-column is-layout-flow wp-block-column-is-layout-flow\" style=\"flex-basis:50%\"><\/div>\n<\/div>\n<\/div>\n<\/div><\/div>\n\n\n\n<p><\/p>\n","protected":false},"excerpt":{"rendered":"","protected":false},"author":1,"featured_media":0,"parent":0,"menu_order":0,"comment_status":"closed","ping_status":"closed","template":"","meta":{"_themeisle_gutenberg_block_has_review":false,"footnotes":""},"class_list":["post-57","page","type-page","status-publish","hentry","entry"],"_links":{"self":[{"href":"https:\/\/fogdakezem.com\/hu\/wp-json\/wp\/v2\/pages\/57","targetHints":{"allow":["GET"]}}],"collection":[{"href":"https:\/\/fogdakezem.com\/hu\/wp-json\/wp\/v2\/pages"}],"about":[{"href":"https:\/\/fogdakezem.com\/hu\/wp-json\/wp\/v2\/types\/page"}],"author":[{"embeddable":true,"href":"https:\/\/fogdakezem.com\/hu\/wp-json\/wp\/v2\/users\/1"}],"replies":[{"embeddable":true,"href":"https:\/\/fogdakezem.com\/hu\/wp-json\/wp\/v2\/comments?post=57"}],"version-history":[{"count":44,"href":"https:\/\/fogdakezem.com\/hu\/wp-json\/wp\/v2\/pages\/57\/revisions"}],"predecessor-version":[{"id":546,"href":"https:\/\/fogdakezem.com\/hu\/wp-json\/wp\/v2\/pages\/57\/revisions\/546"}],"wp:attachment":[{"href":"https:\/\/fogdakezem.com\/hu\/wp-json\/wp\/v2\/media?parent=57"}],"curies":[{"name":"wp","href":"https:\/\/api.w.org\/{rel}","templated":true}]}}