{"id":49,"date":"2024-12-07T13:34:25","date_gmt":"2024-12-07T13:34:25","guid":{"rendered":"https:\/\/fogdakezem.com\/?page_id=49"},"modified":"2025-04-09T14:49:40","modified_gmt":"2025-04-09T14:49:40","slug":"kapcsolat","status":"publish","type":"page","link":"https:\/\/fogdakezem.com\/hu\/kapcsolat\/","title":{"rendered":"Kapcsolat"},"content":{"rendered":"\n<div id=\"wp-block-themeisle-blocks-advanced-columns-5919326b\" class=\"wp-block-themeisle-blocks-advanced-columns has-2-columns has-desktop-equal-layout has-tablet-equal-layout has-mobile-collapsedRows-layout has-vertical-unset ticss-1a7909cf\"><div class=\"wp-block-themeisle-blocks-advanced-columns-overlay\"><\/div><div class=\"innerblocks-wrap\">\n<div id=\"wp-block-themeisle-blocks-advanced-column-71518f69\" class=\"wp-block-themeisle-blocks-advanced-column\">\n<h2 class=\"wp-block-heading\" style=\"border-style:none;border-width:0px;margin-top:var(--wp--preset--spacing--60);margin-bottom:var(--wp--preset--spacing--50)\"><strong>K\u00c9RD\u00c9SED VAN?<\/strong><\/h2>\n\n\n\n<h3 class=\"wp-block-heading has-large-font-size\" style=\"margin-bottom:var(--wp--preset--spacing--50)\">\u00d6R\u00d6MMEL V\u00c1LASZOLUNK!<\/h3>\n\n\n\n<p>Ha b\u00e1rmilyen k\u00e9rd\u00e9sed van, k\u00e9rlek, vedd fel vel\u00fcnk a kapcsolatot az el\u00e9rhet\u0151s\u00e9geink b\u00e1rmelyik\u00e9n.<\/p>\n\n\n\n<p>Tel:        +36 70 5344441<\/p>\n\n\n\n<div class=\"wp-block-group is-nowrap is-layout-flex wp-container-core-group-is-layout-1 wp-block-group-is-layout-flex\" style=\"margin-top:var(--wp--preset--spacing--40);margin-bottom:var(--wp--preset--spacing--40)\">\n<div id=\"wp-block-themeisle-blocks-font-awesome-icons-2b1438bb\" class=\"wp-block-themeisle-blocks-font-awesome-icons\"><span class=\"wp-block-themeisle-blocks-font-awesome-icons-container\"><i class=\"fas fa-envelope\"><\/i><\/span><\/div>\n\n\n\n<p><a href=\"mailto:fogdakezem.film@gmail.com\" target=\"_blank\" rel=\"noreferrer noopener\">fogdakezem.film@gmail.com<\/a><\/p>\n<\/div>\n\n\n\n<div class=\"wp-block-group is-nowrap is-layout-flex wp-container-core-group-is-layout-2 wp-block-group-is-layout-flex\" style=\"margin-top:var(--wp--preset--spacing--40);margin-bottom:var(--wp--preset--spacing--40)\">\n<div id=\"wp-block-themeisle-blocks-font-awesome-icons-c473559e\" class=\"wp-block-themeisle-blocks-font-awesome-icons\"><span class=\"wp-block-themeisle-blocks-font-awesome-icons-container\"><i class=\"fab fa-facebook-f\"><\/i><\/span><\/div>\n\n\n\n<p><a href=\"https:\/\/www.facebook.com\/fogdakezem.film\" target=\"_blank\" rel=\"noreferrer noopener\">https:\/\/www.facebook.com\/fogdakezem.film<\/a><\/p>\n<\/div>\n<\/div>\n\n\n\n<div id=\"wp-block-themeisle-blocks-advanced-column-aca6e0ba\" class=\"wp-block-themeisle-blocks-advanced-column\">\n<figure class=\"wp-block-image alignfull size-full\"><img loading=\"lazy\" decoding=\"async\" width=\"1810\" height=\"2560\" src=\"https:\/\/fogdakezem.com\/wp-content\/uploads\/2024\/12\/plakat-site-scaled.jpg\" alt=\"\" class=\"wp-image-10\" srcset=\"https:\/\/fogdakezem.com\/wp-content\/uploads\/2024\/12\/plakat-site-scaled.jpg 1810w, https:\/\/fogdakezem.com\/wp-content\/uploads\/2024\/12\/plakat-site-212x300.jpg 212w, https:\/\/fogdakezem.com\/wp-content\/uploads\/2024\/12\/plakat-site-724x1024.jpg 724w, https:\/\/fogdakezem.com\/wp-content\/uploads\/2024\/12\/plakat-site-768x1086.jpg 768w, https:\/\/fogdakezem.com\/wp-content\/uploads\/2024\/12\/plakat-site-1086x1536.jpg 1086w, https:\/\/fogdakezem.com\/wp-content\/uploads\/2024\/12\/plakat-site-1448x2048.jpg 1448w\" sizes=\"auto, (max-width: 1810px) 100vw, 1810px\" \/><\/figure>\n<\/div>\n<\/div><\/div>\n\n\n\n<p><\/p>\n","protected":false},"excerpt":{"rendered":"","protected":false},"author":1,"featured_media":0,"parent":0,"menu_order":0,"comment_status":"closed","ping_status":"closed","template":"","meta":{"_themeisle_gutenberg_block_has_review":false,"footnotes":""},"class_list":["post-49","page","type-page","status-publish","hentry","entry"],"_links":{"self":[{"href":"https:\/\/fogdakezem.com\/hu\/wp-json\/wp\/v2\/pages\/49","targetHints":{"allow":["GET"]}}],"collection":[{"href":"https:\/\/fogdakezem.com\/hu\/wp-json\/wp\/v2\/pages"}],"about":[{"href":"https:\/\/fogdakezem.com\/hu\/wp-json\/wp\/v2\/types\/page"}],"author":[{"embeddable":true,"href":"https:\/\/fogdakezem.com\/hu\/wp-json\/wp\/v2\/users\/1"}],"replies":[{"embeddable":true,"href":"https:\/\/fogdakezem.com\/hu\/wp-json\/wp\/v2\/comments?post=49"}],"version-history":[{"count":30,"href":"https:\/\/fogdakezem.com\/hu\/wp-json\/wp\/v2\/pages\/49\/revisions"}],"predecessor-version":[{"id":559,"href":"https:\/\/fogdakezem.com\/hu\/wp-json\/wp\/v2\/pages\/49\/revisions\/559"}],"wp:attachment":[{"href":"https:\/\/fogdakezem.com\/hu\/wp-json\/wp\/v2\/media?parent=49"}],"curies":[{"name":"wp","href":"https:\/\/api.w.org\/{rel}","templated":true}]}}