{"id":467,"date":"2025-02-03T09:32:24","date_gmt":"2025-02-03T09:32:24","guid":{"rendered":"https:\/\/fogdakezem.com\/kuldetes\/"},"modified":"2026-02-06T08:24:58","modified_gmt":"2026-02-06T08:24:58","slug":"kuldetes","status":"publish","type":"page","link":"https:\/\/fogdakezem.com\/hu\/kuldetes\/","title":{"rendered":"K\u00fcldet\u00e9s\u00fcnk"},"content":{"rendered":"\n<div id=\"wp-block-themeisle-blocks-advanced-columns-a2946a77\" class=\"wp-block-themeisle-blocks-advanced-columns alignfull has-2-columns has-desktop-equal-layout has-tablet-equal-layout has-mobile-collapsedRows-layout has-vertical-center ticss-a2946a77 has-dark-bg\"><div class=\"wp-block-themeisle-blocks-advanced-columns-overlay\"><\/div><div class=\"innerblocks-wrap\">\n<div id=\"wp-block-themeisle-blocks-advanced-column-bbddf55b\" class=\"wp-block-themeisle-blocks-advanced-column\"><div class=\"wp-block-image\">\n<figure class=\"aligncenter size-full\"><img loading=\"lazy\" decoding=\"async\" width=\"2560\" height=\"1440\" src=\"https:\/\/fogdakezem.com\/wp-content\/uploads\/2025\/02\/kezek_2.62.1-scaled.jpg\" alt=\"\" class=\"wp-image-470\" srcset=\"https:\/\/fogdakezem.com\/wp-content\/uploads\/2025\/02\/kezek_2.62.1-scaled.jpg 2560w, https:\/\/fogdakezem.com\/wp-content\/uploads\/2025\/02\/kezek_2.62.1-300x169.jpg 300w, https:\/\/fogdakezem.com\/wp-content\/uploads\/2025\/02\/kezek_2.62.1-1024x576.jpg 1024w, https:\/\/fogdakezem.com\/wp-content\/uploads\/2025\/02\/kezek_2.62.1-768x432.jpg 768w, https:\/\/fogdakezem.com\/wp-content\/uploads\/2025\/02\/kezek_2.62.1-1536x864.jpg 1536w, https:\/\/fogdakezem.com\/wp-content\/uploads\/2025\/02\/kezek_2.62.1-2048x1152.jpg 2048w, https:\/\/fogdakezem.com\/wp-content\/uploads\/2025\/02\/kezek_2.62.1-18x10.jpg 18w, https:\/\/fogdakezem.com\/wp-content\/uploads\/2025\/02\/kezek_2.62.1-1568x882.jpg 1568w\" sizes=\"auto, (max-width: 2560px) 100vw, 2560px\" \/><\/figure><\/div><\/div>\n\n\n\n<div id=\"wp-block-themeisle-blocks-advanced-column-92b2db05\" class=\"wp-block-themeisle-blocks-advanced-column\">\n<p id=\"wp-block-themeisle-blocks-advanced-heading-82f63cc5\" class=\"wp-block-themeisle-blocks-advanced-heading wp-block-themeisle-blocks-advanced-heading-82f63cc5\"><\/p>\n\n\n\n<h2 id=\"wp-block-themeisle-blocks-advanced-heading-8f1f2647\" class=\"wp-block-themeisle-blocks-advanced-heading wp-block-themeisle-blocks-advanced-heading-8f1f2647\">K\u00dcLDET\u00c9S\u00dcNK<\/h2>\n\n\n\n<p class=\"has-white-color has-text-color\">Nem mehet\u00fcnk el sz\u00f3 n\u00e9lk\u00fcl a szoci\u00e1lis rendszert\u0151l f\u00fcgg\u0151k \u00e9s az abban dolgoz\u00f3k kritikus helyzete mellett. C\u00e9lunk, hogy el\u0151seg\u00edts\u00fck azt a t\u00e1rsadalmi p\u00e1rbesz\u00e9det, amely val\u00f3di v\u00e1ltoz\u00e1st hozhat. Filmjeinkkel dokument\u00e1ljuk \u00e9s k\u00f6z\u00e9rthet\u0151en mutatjuk be a jelenlegi \u00e1llapotokat. A vet\u00edt\u00e9sek ut\u00e1n tartott besz\u00e9lget\u00e9sekkel olyan k\u00f6z\u00f6ss\u00e9get \u00e9p\u00edt\u00fcnk, amely alulr\u00f3l szervez\u0151dve dolgozik a probl\u00e9m\u00e1k megold\u00e1s\u00e1n.<\/p>\n\n\n\n<p>T\u00e1rsadalmi felel\u0151ss\u00e9gv\u00e1llal\u00e1st c\u00e9lz\u00f3 tev\u00e9kenys\u00e9g\u00fcnk k\u00f6z\u00e9ppontj\u00e1ban egy olyan f\u00f3rum l\u00e9trehoz\u00e1sa \u00e1ll, ahol politikamentesen, de a val\u00f3di probl\u00e9m\u00e1kra f\u00f3kusz\u00e1lva h\u00edvjuk fel a figyelmet \u00e9s egy\u00fctt keress\u00fck a megold\u00e1sokat.<\/p>\n\n\n\n<p>Szakmai konferenci\u00e1kon \u00e9s fels\u0151oktat\u00e1si int\u00e9zm\u00e9nyekben a jelen \u00e9s j\u00f6v\u0151 szakembereivel osztjuk meg tud\u00e1sunkat, \u00e9s lehet\u0151s\u00e9get biztos\u00edtunk a p\u00e1rbesz\u00e9dre. Ezen fel\u00fcl tervezz\u00fck egy rendszeres podcast elind\u00edt\u00e1s\u00e1t, hogy folyamatosan teret adjunk a t\u00e9m\u00e1nak.<\/p>\n\n\n\n<p><\/p>\n\n\n\n<div class=\"wp-block-buttons is-layout-flex wp-block-buttons-is-layout-flex\"><\/div>\n<\/div>\n<\/div><\/div>\n\n\n\n<p><\/p>\n","protected":false},"excerpt":{"rendered":"","protected":false},"author":3,"featured_media":0,"parent":0,"menu_order":0,"comment_status":"closed","ping_status":"closed","template":"","meta":{"_themeisle_gutenberg_block_has_review":false,"footnotes":""},"class_list":["post-467","page","type-page","status-publish","hentry","entry"],"_links":{"self":[{"href":"https:\/\/fogdakezem.com\/hu\/wp-json\/wp\/v2\/pages\/467","targetHints":{"allow":["GET"]}}],"collection":[{"href":"https:\/\/fogdakezem.com\/hu\/wp-json\/wp\/v2\/pages"}],"about":[{"href":"https:\/\/fogdakezem.com\/hu\/wp-json\/wp\/v2\/types\/page"}],"author":[{"embeddable":true,"href":"https:\/\/fogdakezem.com\/hu\/wp-json\/wp\/v2\/users\/3"}],"replies":[{"embeddable":true,"href":"https:\/\/fogdakezem.com\/hu\/wp-json\/wp\/v2\/comments?post=467"}],"version-history":[{"count":8,"href":"https:\/\/fogdakezem.com\/hu\/wp-json\/wp\/v2\/pages\/467\/revisions"}],"predecessor-version":[{"id":596,"href":"https:\/\/fogdakezem.com\/hu\/wp-json\/wp\/v2\/pages\/467\/revisions\/596"}],"wp:attachment":[{"href":"https:\/\/fogdakezem.com\/hu\/wp-json\/wp\/v2\/media?parent=467"}],"curies":[{"name":"wp","href":"https:\/\/api.w.org\/{rel}","templated":true}]}}