{"id":410,"date":"2025-01-26T05:39:14","date_gmt":"2025-01-26T05:39:14","guid":{"rendered":"https:\/\/fogdakezem.com\/gyermekvedelem\/"},"modified":"2025-05-05T15:09:04","modified_gmt":"2025-05-05T15:09:04","slug":"nehagyjmagamra","status":"publish","type":"page","link":"https:\/\/fogdakezem.com\/hu\/nehagyjmagamra\/","title":{"rendered":"Ne Hagyj Magamra"},"content":{"rendered":"\n<div id=\"wp-block-themeisle-blocks-advanced-columns-405f8757\" class=\"wp-block-themeisle-blocks-advanced-columns has-3-columns has-desktop-equal-layout has-tablet-equal-layout has-mobile-collapsedRows-layout has-vertical-unset\"><div class=\"wp-block-themeisle-blocks-advanced-columns-overlay\"><\/div><div class=\"innerblocks-wrap\">\n<div id=\"wp-block-themeisle-blocks-advanced-column-63ba9d87\" class=\"wp-block-themeisle-blocks-advanced-column\"><\/div>\n\n\n\n<div id=\"wp-block-themeisle-blocks-advanced-column-432da6d4\" class=\"wp-block-themeisle-blocks-advanced-column\"><\/div>\n\n\n\n<div id=\"wp-block-themeisle-blocks-advanced-column-91073ab2\" class=\"wp-block-themeisle-blocks-advanced-column\"><\/div>\n<\/div><\/div>\n\n\n\n<div id=\"wp-block-themeisle-blocks-advanced-columns-ba8052ff\" class=\"wp-block-themeisle-blocks-advanced-columns has-1-columns has-desktop-equal-layout has-tablet-equal-layout has-mobile-equal-layout has-vertical-unset\"><div class=\"wp-block-themeisle-blocks-advanced-columns-overlay\"><\/div><div class=\"innerblocks-wrap\">\n<div id=\"wp-block-themeisle-blocks-advanced-column-4d9a121e\" class=\"wp-block-themeisle-blocks-advanced-column\"><\/div>\n<\/div><\/div>\n\n\n\n<div id=\"wp-block-themeisle-blocks-advanced-columns-a2946a77\" class=\"wp-block-themeisle-blocks-advanced-columns alignfull has-2-columns has-desktop-equal-layout has-tablet-equal-layout has-mobile-collapsedRows-layout has-vertical-center ticss-a2946a77 has-light-bg\"><div class=\"wp-block-themeisle-blocks-advanced-columns-overlay\"><\/div><div class=\"innerblocks-wrap\">\n<div id=\"wp-block-themeisle-blocks-advanced-column-bbddf55b\" class=\"wp-block-themeisle-blocks-advanced-column\"><div class=\"wp-block-image\">\n<figure class=\"aligncenter size-full\"><img loading=\"lazy\" decoding=\"async\" width=\"1810\" height=\"2560\" src=\"https:\/\/fogdakezem.com\/wp-content\/uploads\/2025\/02\/473440098_640346411677663_4304121055853865539_n-scaled.jpg\" alt=\"\" class=\"wp-image-464\" srcset=\"https:\/\/fogdakezem.com\/wp-content\/uploads\/2025\/02\/473440098_640346411677663_4304121055853865539_n-scaled.jpg 1810w, https:\/\/fogdakezem.com\/wp-content\/uploads\/2025\/02\/473440098_640346411677663_4304121055853865539_n-212x300.jpg 212w, https:\/\/fogdakezem.com\/wp-content\/uploads\/2025\/02\/473440098_640346411677663_4304121055853865539_n-724x1024.jpg 724w, https:\/\/fogdakezem.com\/wp-content\/uploads\/2025\/02\/473440098_640346411677663_4304121055853865539_n-768x1086.jpg 768w, https:\/\/fogdakezem.com\/wp-content\/uploads\/2025\/02\/473440098_640346411677663_4304121055853865539_n-1086x1536.jpg 1086w, https:\/\/fogdakezem.com\/wp-content\/uploads\/2025\/02\/473440098_640346411677663_4304121055853865539_n-1448x2048.jpg 1448w, https:\/\/fogdakezem.com\/wp-content\/uploads\/2025\/02\/473440098_640346411677663_4304121055853865539_n-8x12.jpg 8w, https:\/\/fogdakezem.com\/wp-content\/uploads\/2025\/02\/473440098_640346411677663_4304121055853865539_n-1568x2218.jpg 1568w\" sizes=\"auto, (max-width: 1810px) 100vw, 1810px\" \/><\/figure><\/div><\/div>\n\n\n\n<div id=\"wp-block-themeisle-blocks-advanced-column-92b2db05\" class=\"wp-block-themeisle-blocks-advanced-column\">\n<p id=\"wp-block-themeisle-blocks-advanced-heading-82f63cc5\" class=\"wp-block-themeisle-blocks-advanced-heading wp-block-themeisle-blocks-advanced-heading-82f63cc5\"><\/p>\n\n\n\n<p class=\"has-primary-color has-text-color has-large-font-size\"><strong>NE HAGYJ MAGAMRA<\/strong><br><em>Fikci\u00f3s dokumentumdr\u00e1ma<\/em><\/p>\n\n\n\n<p><strong>A gyermek v\u00e9delme minden t\u00e1rsadalom alapvet\u0151 \u00e9rt\u00e9ke, amelyet nem hagyhatunk figyelmen k\u00edv\u00fcl. A film a magyar szoci\u00e1lis ell\u00e1t\u00f3rendszer v\u00e1ls\u00e1g\u00e1t \u00e9s a benne dolgoz\u00f3k mindennapi k\u00fczdelmeit mutatja be egy gyermek \u00e9let\u00e9nek t\u00fckr\u00e9ben, aki a rendszer \u00e1ldozatak\u00e9nt n\u0151 fel.<\/strong> <\/p>\n\n\n\n<p>Szoci\u00e1lis szakemberek mes\u00e9lnek munk\u00e1jukr\u00f3l, h\u00e9tk\u00f6znapjaikr\u00f3l, az \u00f6r\u00f6k\u00f6s \u00fajrakezd\u00e9sr\u0151l \u00e9s egy gyerekr\u0151l, aki mindannyiuk keze alatt megfordult. Boldizs\u00e1r k\u00e1lv\u00e1ri\u00e1ja mellett a szakpolitika v\u00e9lem\u00e9ny\u00e9t is megismerj\u00fck.<\/p>\n\n\n\n<p class=\"has-primary-color has-text-color\"><strong>A <em>Ne hagyj magamra<\/em> c\u00e9lja<\/strong>, hogy r\u00e1vil\u00e1g\u00edtson a szoci\u00e1lis rendszer m\u0171k\u00f6d\u00e9s\u00e9nek hi\u00e1nyoss\u00e1gaira, mik\u00f6zben felh\u00edvja a figyelmet a t\u00e1rsadalmi felel\u0151ss\u00e9gv\u00e1llal\u00e1s s\u00fcrget\u0151 sz\u00fcks\u00e9gess\u00e9g\u00e9re. A film reflektorf\u00e9nybe hozza a  gyermekv\u00e9delmi rendszer \u00e1talak\u00edt\u00e1s\u00e1nak elker\u00fclhetetlens\u00e9g\u00e9t.<\/p>\n\n\n\n<div class=\"wp-block-buttons is-layout-flex wp-block-buttons-is-layout-flex\"><\/div>\n<\/div>\n<\/div><\/div>\n","protected":false},"excerpt":{"rendered":"","protected":false},"author":3,"featured_media":0,"parent":0,"menu_order":9,"comment_status":"closed","ping_status":"closed","template":"","meta":{"_themeisle_gutenberg_block_has_review":false,"footnotes":""},"class_list":["post-410","page","type-page","status-publish","hentry","entry"],"_links":{"self":[{"href":"https:\/\/fogdakezem.com\/hu\/wp-json\/wp\/v2\/pages\/410","targetHints":{"allow":["GET"]}}],"collection":[{"href":"https:\/\/fogdakezem.com\/hu\/wp-json\/wp\/v2\/pages"}],"about":[{"href":"https:\/\/fogdakezem.com\/hu\/wp-json\/wp\/v2\/types\/page"}],"author":[{"embeddable":true,"href":"https:\/\/fogdakezem.com\/hu\/wp-json\/wp\/v2\/users\/3"}],"replies":[{"embeddable":true,"href":"https:\/\/fogdakezem.com\/hu\/wp-json\/wp\/v2\/comments?post=410"}],"version-history":[{"count":10,"href":"https:\/\/fogdakezem.com\/hu\/wp-json\/wp\/v2\/pages\/410\/revisions"}],"predecessor-version":[{"id":572,"href":"https:\/\/fogdakezem.com\/hu\/wp-json\/wp\/v2\/pages\/410\/revisions\/572"}],"wp:attachment":[{"href":"https:\/\/fogdakezem.com\/hu\/wp-json\/wp\/v2\/media?parent=410"}],"curies":[{"name":"wp","href":"https:\/\/api.w.org\/{rel}","templated":true}]}}