{"id":17,"date":"2024-12-07T13:30:24","date_gmt":"2024-12-07T13:30:24","guid":{"rendered":"https:\/\/fogdakezem.com\/?page_id=17"},"modified":"2026-02-06T08:31:06","modified_gmt":"2026-02-06T08:31:06","slug":"17-2","status":"publish","type":"page","link":"https:\/\/fogdakezem.com\/hu\/","title":{"rendered":"Kezd\u0151lap"},"content":{"rendered":"\n<div id=\"wp-block-themeisle-blocks-advanced-columns-17500daa\" class=\"wp-block-themeisle-blocks-advanced-columns alignfull has-1-columns has-desktop-equal-layout has-tablet-equal-layout has-mobile-collapsedRows-layout has-reverse-columns-mobile has-vertical-center ticss-c00aadba\"><div class=\"wp-block-themeisle-blocks-advanced-columns-overlay\"><\/div><div class=\"innerblocks-wrap\">\n<div id=\"wp-block-themeisle-blocks-advanced-column-6d6ed262\" class=\"wp-block-themeisle-blocks-advanced-column\">\n<h1 id=\"wp-block-themeisle-blocks-advanced-heading-8e218421\" class=\"wp-block-themeisle-blocks-advanced-heading wp-block-themeisle-blocks-advanced-heading-8e218421 ticss-e1d32bc8\">FOGD A KEZEM<\/h1>\n\n\n\n<p class=\"has-text-align-center has-text-color\" style=\"color:#fefefe;margin-top:var(--wp--preset--spacing--50);margin-right:0;margin-bottom:var(--wp--preset--spacing--50);margin-left:0\">EML\u00c9KEK &#8211; \u00c1LMOK &#8211; EGY HIVAT\u00c1S<br>117 000 VESZ\u00c9LYEZTETETT GYERMEK<\/p>\n\n\n\n<div class=\"wp-block-buttons is-horizontal is-content-justification-center is-layout-flex wp-container-core-buttons-is-layout-1 wp-block-buttons-is-layout-flex\">\n<div class=\"wp-block-button is-style-primary\"><a class=\"wp-block-button__link wp-element-button\" href=\"https:\/\/www.youtube.com\/watch?v=esz_4N8sT-4&amp;t=19s\" target=\"_blank\" rel=\"noreferrer noopener\">El\u0151zetes<\/a><\/div>\n<\/div>\n<\/div>\n<\/div><\/div>\n\n\n\n<div id=\"wp-block-themeisle-blocks-advanced-columns-c00aadba\" class=\"wp-block-themeisle-blocks-advanced-columns alignfull has-1-columns has-desktop-equal-layout has-tablet-equal-layout has-mobile-collapsedRows-layout has-vertical-center ticss-c00aadba\"><div class=\"wp-block-themeisle-blocks-advanced-columns-overlay\"><\/div><div class=\"innerblocks-wrap\">\n<div id=\"wp-block-themeisle-blocks-advanced-column-82532c60\" class=\"wp-block-themeisle-blocks-advanced-column\">\n<div class=\"wp-block-superblockslider-slider superblockslider\" style=\"height:100vh;width:100%\" data-transition-duration=\".6s\" data-animation=\"cubic-bezier(0.46, 0.03, 0.52, 0.96)\" data-slide-navigation=\"none\"><div class=\"superblockslider__window\"><div class=\"superblockslider__track\" style=\"width:900%;transform:translateX(-0.0000%);transition-duration:.6s;transition-timing-function:cubic-bezier(0.46, 0.03, 0.52, 0.96)\">\n<div class=\"wp-block-superblockslider-slide superblockslider__slide superblockslider__slide--active is-vertical-center\" data-slide-index=\"0\"><div class=\"superblockslider__slide__bg\"><\/div><div class=\"superblockslider__slide__overlay\"><\/div><div class=\"superblockslider__slide_inner\"><div class=\"inner-blocks\">\n<div class=\"wp-block-group\"><div class=\"wp-block-group__inner-container is-layout-constrained wp-block-group-is-layout-constrained\">\n<p id=\"wp-block-themeisle-blocks-advanced-heading-3a87334a\" class=\"wp-block-themeisle-blocks-advanced-heading wp-block-themeisle-blocks-advanced-heading-3a87334a\">&#8222;Ez az a film, amit mindenkinek l\u00e1tnia k\u00e9ne. Szakell\u00e1t\u00e1sban \u00e9s nem szakell\u00e1t\u00e1sban l\u00e9v\u0151 gyermeknek, fiatalnak. Vel\u00fck dolgoz\u00f3 \u00e9s<br>azon k\u00edv\u00fcli feln\u0151tteknek. \u00c9s olyan d\u00f6nt\u00e9shoz\u00f3nak, ak\u00e1r jogalkot\u00f3, ak\u00e1r jogalkalmaz\u00f3i szinten, akiben m\u00e9g van annyi, hogy \u00e9rzi a dolgok s\u00faly\u00e1t. <br>A gyermekv\u00e9delemr\u0151l nem lehet eleget besz\u00e9lni. Nagyon megd\u00f6bbent\u0151, elgondolkodtat\u00f3, megind\u00edt\u00f3 \u00e9s sz\u00e9p ez a dokumentumfilm, \u0151szint\u00e9n aj\u00e1nlom mindenkinek.&#8221;<\/p>\n\n\n\n<p id=\"wp-block-themeisle-blocks-advanced-heading-1f9f2063\" class=\"wp-block-themeisle-blocks-advanced-heading wp-block-themeisle-blocks-advanced-heading-1f9f2063\"><strong>GYERMEKJOGI K\u00c9PVISEL\u0150<\/strong><\/p>\n<\/div><\/div>\n<\/div><\/div><\/div>\n\n\n\n<div class=\"wp-block-superblockslider-slide superblockslider__slide is-vertical-center\" data-slide-index=\"1\"><div class=\"superblockslider__slide__bg\"><\/div><div class=\"superblockslider__slide__overlay\"><\/div><div class=\"superblockslider__slide_inner\"><div class=\"inner-blocks\">\n<div class=\"wp-block-group\"><div class=\"wp-block-group__inner-container is-layout-constrained wp-block-group-is-layout-constrained\">\n<p id=\"wp-block-themeisle-blocks-advanced-heading-066a5690\" class=\"wp-block-themeisle-blocks-advanced-heading wp-block-themeisle-blocks-advanced-heading-066a5690\">&#8222;Emberk\u00f6zeli, szinte tapinthat\u00f3, \u00e9rezhet\u0151 illatokkal finoman kompon\u00e1lt k\u00e9pek mutatj\u00e1k a val\u00f3s\u00e1g arc\u00e1t. A sz\u00ednek kivir\u00e1goznak a<br>gyermekek l\u00e1tt\u00e1n, \u00e9s fekete feh\u00e9r a rideg val\u00f3s\u00e1g, ami elveszi a rem\u00e9nyt egy boldog j\u00f6v\u0151t\u0151l. A kizsigerelt gyermekv\u00e9delem,<br>utols\u00f3 lehelet\u00e9n\u00e9l tart, maga al\u00e1 temetve katon\u00e1s rendben az \u00e1ldozatokat. Van rem\u00e9ny? A film munici\u00f3t ad, kell, hogy legyen<br>folytat\u00e1s, egy \u00faj alapokon. Gratul\u00e1lok!&#8221;<\/p>\n\n\n\n<p id=\"wp-block-themeisle-blocks-advanced-heading-2c07bb2b\" class=\"wp-block-themeisle-blocks-advanced-heading wp-block-themeisle-blocks-advanced-heading-2c07bb2b\"><strong>SZAKEMBER<\/strong><\/p>\n<\/div><\/div>\n<\/div><\/div><\/div>\n\n\n\n<div class=\"wp-block-superblockslider-slide superblockslider__slide is-vertical-center\" data-slide-index=\"2\"><div class=\"superblockslider__slide__bg\"><\/div><div class=\"superblockslider__slide__overlay\"><\/div><div class=\"superblockslider__slide_inner\"><div class=\"inner-blocks\">\n<div class=\"wp-block-group\"><div class=\"wp-block-group__inner-container is-layout-constrained wp-block-group-is-layout-constrained\">\n<p id=\"wp-block-themeisle-blocks-advanced-heading-bbbba032\" class=\"wp-block-themeisle-blocks-advanced-heading wp-block-themeisle-blocks-advanced-heading-bbbba032\">&#8222;Nagyon sz\u00e9p, \u00e9s jelent\u0151s filmet csin\u00e1ltatok. Gy\u00f6ny\u00f6r\u0171, po\u00e9tikus, nagyon szomor\u00fa, de nem \u00fagy nyomaszt\u00f3, ahogy az ilyen doksik szoktak. Megk\u00f6nnyeztem. Nagyon j\u00f3 a narr\u00e1ci\u00f3, j\u00f3 a f\u0151h\u0151s\/\u00f6tletgazda. Szuper a v\u00e1g\u00e1s, sz\u00e9pek a k\u00e9pek, \u00e9s term\u00e9szetesen nagyon j\u00f3 a zene. Megtal\u00e1lt\u00e1tok A t\u00e9m\u00e1t.&#8221;<\/p>\n\n\n\n<p id=\"wp-block-themeisle-blocks-advanced-heading-1a134855\" class=\"wp-block-themeisle-blocks-advanced-heading wp-block-themeisle-blocks-advanced-heading-1a134855\"><strong>S\u00f3s B.<\/strong><\/p>\n<\/div><\/div>\n<\/div><\/div><\/div>\n\n\n\n<div class=\"wp-block-superblockslider-slide superblockslider__slide is-vertical-center\" data-slide-index=\"3\"><div class=\"superblockslider__slide__bg\"><\/div><div class=\"superblockslider__slide__overlay\"><\/div><div class=\"superblockslider__slide_inner\"><div class=\"inner-blocks\">\n<div class=\"wp-block-group\"><div class=\"wp-block-group__inner-container is-layout-constrained wp-block-group-is-layout-constrained\">\n<p id=\"wp-block-themeisle-blocks-advanced-heading-b08547de\" class=\"wp-block-themeisle-blocks-advanced-heading wp-block-themeisle-blocks-advanced-heading-b08547de\">&#8222;Maga a film nekem nagyon tetszett. Egy rendezett, \u00f6sszhangban l\u00e9v\u0151 alkot\u00e1s, amellyel nem csak a gyermek &#8222;v\u00e9delem&#8221;-nek<br>nevezettben l\u00e9v\u0151ket, hanem azok a &#8222;k\u00edv\u00fcl\u00e1ll\u00f3k&#8221; is meg\u00e9rthetik milyen is a rendszer. A T\u00f6rt\u00e9netek amelyeket meghallgattunk minden ember sz\u00e1m\u00e1ra meg\u00e9rint\u0151, de nem ad elhom\u00e1lyosult k\u00e9pet arr\u00f3l, hogy ezek a gyerekek, imm\u00e1ron feln\u0151tteknek milyen<br>k\u00fczdelmek \u00e1r\u00e1n kellett el\u00e9rni\u00fck a feln\u0151ttkort, amely egy &#8222;norm\u00e1lis&#8221; csal\u00e1dban m\u00e9giscsak egyszer\u0171bb. (Nem minden esetben)<br>Egysz\u00f3val minden ember sz\u00e1m\u00e1ra, aki nem z\u00e1rk\u00f3zik el a t\u00e9m\u00e1t\u00f3l, sz\u00edvesen aj\u00e1nlom. K\u00f6sz\u00f6n\u00f6m, hogy megn\u00e9zhettem, csod\u00e1latos volt!&#8221; <\/p>\n\n\n\n<p id=\"wp-block-themeisle-blocks-advanced-heading-5904e3e4\" class=\"wp-block-themeisle-blocks-advanced-heading wp-block-themeisle-blocks-advanced-heading-5904e3e4\"><strong>\u00c9RINTETT<\/strong><\/p>\n<\/div><\/div>\n<\/div><\/div><\/div>\n\n\n\n<div class=\"wp-block-superblockslider-slide superblockslider__slide is-vertical-center\" data-slide-index=\"4\"><div class=\"superblockslider__slide__bg\"><\/div><div class=\"superblockslider__slide__overlay\"><\/div><div class=\"superblockslider__slide_inner\"><div class=\"inner-blocks\">\n<p id=\"wp-block-themeisle-blocks-advanced-heading-4c71260f\" class=\"wp-block-themeisle-blocks-advanced-heading wp-block-themeisle-blocks-advanced-heading-4c71260f\"><br>&#8222;Bevallom f\u00e9ltem megn\u00e9zni, f\u00e9ltem, hogy sokkolni fog, de most \u00e9rkezt\u00fcnk haza a vet\u00edt\u00e9sr\u0151l, m\u00e9g mindig a hat\u00e1sa alatt \u00e1llunk a<br>filmnek, a sz\u00f3 j\u00f3 \u00e9rtelm\u00e9ben. Olyan finoman mes\u00e9l, felesleges hat\u00e1svad\u00e1szat n\u00e9lk\u00fcl, jelen t\u00e1rsadalmunknak ennek a<br>szegmens\u00e9r\u0151l, hogy b\u00e1tran merem aj\u00e1nlani b\u00e1rkinek, aki egy kicsit is \u00e9rz\u00e9kenyebb a t\u00e9m\u00e1ra \u00e9s annak is, aki egy\u00e1ltal\u00e1n nem.<br>Teszi ezt an\u00e9lk\u00fcl, hogy le akarna valamit nyomni a torkunkon, m\u00e9gis \u00e9rzed a jelens\u00e9g s\u00faly\u00e1t.&#8221;<\/p>\n\n\n\n<div class=\"wp-block-group\"><div class=\"wp-block-group__inner-container is-layout-constrained wp-block-group-is-layout-constrained\">\n<p id=\"wp-block-themeisle-blocks-advanced-heading-9c67c380\" class=\"wp-block-themeisle-blocks-advanced-heading wp-block-themeisle-blocks-advanced-heading-9c67c380\"><strong>N\u00e9z\u0151<\/strong><\/p>\n<\/div><\/div>\n<\/div><\/div><\/div>\n\n\n\n<div class=\"wp-block-superblockslider-slide superblockslider__slide is-vertical-center\" data-slide-index=\"5\"><div class=\"superblockslider__slide__bg\"><\/div><div class=\"superblockslider__slide__overlay\"><\/div><div class=\"superblockslider__slide_inner\"><div class=\"inner-blocks\">\n<div class=\"wp-block-group\"><div class=\"wp-block-group__inner-container is-layout-constrained wp-block-group-is-layout-constrained\">\n<p id=\"wp-block-themeisle-blocks-advanced-heading-e7f1b4f7\" class=\"wp-block-themeisle-blocks-advanced-heading wp-block-themeisle-blocks-advanced-heading-e7f1b4f7\">&#8222;Nagyon szomor\u00fa t\u00f6rt\u00e9net t\u00e1rult el\u00e9nk, szerintem nagyon sok helyre el kellene vinni s levet\u00edteni, gratul\u00e1lunk, v\u00e1rjuk a folytat\u00e1st!&#8221;<br><\/p>\n\n\n\n<p id=\"wp-block-themeisle-blocks-advanced-heading-faa902a8\" class=\"wp-block-themeisle-blocks-advanced-heading wp-block-themeisle-blocks-advanced-heading-faa902a8\"><strong>n\u00e9z\u0151<\/strong><\/p>\n<\/div><\/div>\n<\/div><\/div><\/div>\n\n\n\n<div class=\"wp-block-superblockslider-slide superblockslider__slide is-vertical-center\" data-slide-index=\"6\"><div class=\"superblockslider__slide__bg\"><\/div><div class=\"superblockslider__slide__overlay\"><\/div><div class=\"superblockslider__slide_inner\"><div class=\"inner-blocks\">\n<div class=\"wp-block-group\"><div class=\"wp-block-group__inner-container is-layout-constrained wp-block-group-is-layout-constrained\">\n<p id=\"wp-block-themeisle-blocks-advanced-heading-835a1394\" class=\"wp-block-themeisle-blocks-advanced-heading wp-block-themeisle-blocks-advanced-heading-835a1394\">&#8222;19 \u00e9ve vagyok gyermekv\u00e9delemben, 34 \u00e9ve a szakm\u00e1ban. Igen, a film kimondja azt, amit m\u00e1r r\u00e9g\u00f3ta tudunk \u00e9s napr\u00f3l napra egyre jobban \u00e9rz\u00e9kel\u00fcnk. Eddig is nagy dilemma volt, ha n\u00e9ha azt a d\u00f6nt\u00e9st hoztuk, hogy a gyermeknek a v\u00e9r szerinti csal\u00e1dj\u00e1b\u00f3l mennie kell, de ezt a filmet l\u00e1tva a k\u00e9ts\u00e9gek meger\u0151s\u00f6dtek. A rendszer sajnos nem j\u00f3l m\u0171k\u00f6dik, m\u00e1r hely sincs akut esetben sem. F\u00e1jdalmas \u00e9s tanuls\u00e1gos a szenved\u0151 alanyok szem\u00fcveg\u00e9n kereszt\u00fcl l\u00e1tni ezt a vil\u00e1got. Jelen helyzetben \u00fagy l\u00e1tom, m\u00e1s megold\u00e1s nincs, mint az, hogy rem\u00e9nytelen helyzetekb\u0151l is pr\u00f3b\u00e1ljuk kihozni a maximumot, hogy ha semmi m\u00e1s nincs is meg egy csal\u00e1don bel\u00fcl csak  ragaszkod\u00e1s, pr\u00f3b\u00e1ljuk a minim\u00e1l szinten alkalmass\u00e1 tenni a csal\u00e1dokat, hogy ezek a gyerekek a rosszn\u00e1l kicsit jobbat kaphassanak az \u00e9lett\u0151l. Kitart\u00e1st Tamara Labovszky ezen a r\u00f6g\u00f6s \u00faton!!!! Aki tudja n\u00e9zze meg a filmet, a szakembert is megd\u00f6bbenti, a<br>k\u00edv\u00fcl\u00e1ll\u00f3knak is fontos lenne, hogy belel\u00e1ssanak ebbe a vil\u00e1gba! A t\u00e1rsadalmi felel\u0151ss\u00e9g k\u00f6z\u00f6s!&#8221;<br><\/p>\n\n\n\n<p id=\"wp-block-themeisle-blocks-advanced-heading-ce0c12c9\" class=\"wp-block-themeisle-blocks-advanced-heading wp-block-themeisle-blocks-advanced-heading-ce0c12c9\"><strong>Szakember<\/strong><\/p>\n<\/div><\/div>\n<\/div><\/div><\/div>\n\n\n\n<div class=\"wp-block-superblockslider-slide superblockslider__slide is-vertical-center\" data-slide-index=\"7\"><div class=\"superblockslider__slide__bg\"><\/div><div class=\"superblockslider__slide__overlay\"><\/div><div class=\"superblockslider__slide_inner\"><div class=\"inner-blocks\">\n<div class=\"wp-block-group\"><div class=\"wp-block-group__inner-container is-layout-constrained wp-block-group-is-layout-constrained\">\n<p id=\"wp-block-themeisle-blocks-advanced-heading-23919eed\" class=\"wp-block-themeisle-blocks-advanced-heading wp-block-themeisle-blocks-advanced-heading-23919eed\">Ma d\u00e9lut\u00e1n a Fogd a kezem \/ Hold my hand c\u00edm\u0171 \u00faj magyar film vet\u00edt\u00e9s\u00e9n j\u00e1rtam a Bem moziban, amire Hennel \u00c9va &#8211;<br>Medi\u00e1tor, Ment\u00e1lhigi\u00e9n\u00e9s szakember h\u00edvott, \u0151 moder\u00e1lta a film ut\u00e1ni besz\u00e9lget\u00e9st az alkot\u00f3kkal. A t\u00e9ma szerintem mindenkit \u00e9rint \u00edgy, vagy \u00fagy. Legf\u0151k\u00e9ppen m\u00e9lyen. S ugyan nem kapcsol\u00f3dik szorosan a blogomhoz, m\u00e9gis itt sz\u00e1molok be r\u00f3la, h\u00e1tha \u00edgy t\u00f6bbekhez el\u00e9r. M\u00e1r maga a film, a mondanival\u00f3ja, a benne elmes\u00e9lt val\u00f3s, emberi t\u00f6rt\u00e9netek, \u00e9rz\u00e9sek. Mindenk\u00e9ppen meg kell eml\u00edtenem, hogy milyen mag\u00e1val ragad\u00f3 a k\u00e9pi vil\u00e1ga, egyszerre realista \u00e9s m\u0171v\u00e9szi, s ez is, a<br>t\u00f6rt\u00e9netsz\u00e1lak narr\u00e1l\u00e1sa is mennyire k\u00f6zeliv\u00e9 teszik az eg\u00e9szet. Sok minden kavarog k\u00f6zben az ember fej\u00e9ben. Mivel nekem nincs gyerekem (b\u00e1r nem tudatosan), s k\u00f6zelr\u0151l nem ismerek<br>\u00e1llami gondoz\u00e1sban, nevel\u0151sz\u00fcl\u0151kn\u00e9l, gyermekv\u00e9delmi int\u00e9zetben feln\u0151tt embert (vagy nem tudok r\u00f3la\u2026), \u00edgy ezek a<br>film\u00e9lm\u00e9nyek \u00e9s a hozz\u00e1juk kapcsol\u00f3d\u00f3 besz\u00e9lget\u00e9sek tudj\u00e1k felt\u00e1rni az ide kapcsol\u00f3d\u00f3 probl\u00e9m\u00e1kat, traumatikus esem\u00e9nyeket.<br>Van mir\u0151l elm\u00e9lkedni\u2026<\/p>\n\n\n\n<p id=\"wp-block-themeisle-blocks-advanced-heading-663ec431\" class=\"wp-block-themeisle-blocks-advanced-heading wp-block-themeisle-blocks-advanced-heading-663ec431\"><strong>Youteefool<\/strong><\/p>\n<\/div><\/div>\n<\/div><\/div><\/div>\n\n\n\n<div class=\"wp-block-superblockslider-slide superblockslider__slide is-vertical-center\" data-slide-index=\"8\"><div class=\"superblockslider__slide__bg\"><\/div><div class=\"superblockslider__slide__overlay\"><\/div><div class=\"superblockslider__slide_inner\"><div class=\"inner-blocks\">\n<div class=\"wp-block-group\"><div class=\"wp-block-group__inner-container is-layout-constrained wp-block-group-is-layout-constrained\">\n<p id=\"wp-block-themeisle-blocks-advanced-heading-fe436637\" class=\"wp-block-themeisle-blocks-advanced-heading wp-block-themeisle-blocks-advanced-heading-fe436637\">&#8222;A mai napon a magyar t\u00e1rsadalom egyik, egy j\u00f3val kev\u00e9sb\u00e9 ismert probl\u00e9m\u00e1j\u00e1r\u00f3l volt lehet\u0151s\u00e9gem belel\u00e1tni a &#8222;Fogd<br>a kezem&#8221; film seg\u00edts\u00e9g\u00e9vel, amely az \u00e1llam egy olyan h\u00e1tr\u00e1ny\u00e1ra mutat r\u00e1, amely nincs annyira se a k\u00f6ztudatban,<br>se a m\u00e9di\u00e1ban. Nagyon megrend\u00edt\u0151 volt meg\u00e9lni egy \u00e9rz\u00e9keny\u00edt\u0151 program keret\u00e9ben. A film bemutat\u00e1sa r\u00e1mutatott<br>az \u00e1llami gondozottak eset\u00e9n felmer\u00fcl\u0151 helyzetekre, amely hasonl\u00f3an az eg\u00e9szs\u00e9g\u00fcggyel, \u00e9s pedag\u00f3giai helyzettel,<br>azonban mivel kevesebb ember\/gyermek \u00e9rintett benne, \u00edgy a helyzet megold\u00e1s\u00e1val kev\u00e9sb\u00e9 foglalkoznak, \u00e9s<br>bemutatja az \u00e1llami gondozottakn\u00e1l a gyerekv\u00e9delem rossz gyakorlati m\u0171k\u00f6d\u00e9s\u00e9t, egy olyan rendszert, amely<br>eset\u00e9n a d\u00f6nt\u00e9shozatal nem a szakmai tapasztalattal rendelkez\u0151 emberekn\u00e9l van.<br>Csak javasolni tudom, mivel egy olyan t\u00e9m\u00e1r\u00f3l sz\u00f3l, amely k\u00f6zvetetten mindenkit \u00e9rint, hiszen a nevel\u0151sz\u00fcl\u0151i<br>rendszer \u00e1ltal a helyzet a t\u00f6bbi \u00e1llami szektorba is bevon\u00f3dik (tanulm\u00e1nyok, eg\u00e9szs\u00e9g\u00fcgy).<br>A legnagyobb gond, hogy a rendszer rossz m\u0171k\u00f6d\u00e9se a gyerekekre hat, akik a helyzetr\u0151l v\u00e9gk\u00e9pp nem tehetnek!<br>Minden gyerek meg\u00e9rdemli, hogy szeretetben \u00e9ljen, csal\u00e1dban, \u00e9s tudjon \u00e9lm\u00e9nyeket szerezni.&#8221;<\/p>\n\n\n\n<p id=\"wp-block-themeisle-blocks-advanced-heading-2f3023aa\" class=\"wp-block-themeisle-blocks-advanced-heading wp-block-themeisle-blocks-advanced-heading-2f3023aa\"><strong>N\u00c9Z\u0150<\/strong><\/p>\n<\/div><\/div>\n<\/div><\/div><\/div>\n<\/div><\/div><div class=\"superblockslider__controls superblockslider__navigation\"><button class=\"superblockslider__button__navigation superblockslider__button__previous\" aria-label=\"Previous slide\"><span class=\"superblockslider__button__previous--icon\"><svg width=\"85\" height=\"85\" xmlns=\"http:\/\/www.w3.org\/2000\/svg\" viewBox=\"0 0 85 85\" role=\"img\" aria-hidden=\"true\" focusable=\"false\"><path d=\"M58.3,21.7l-5-4.2l-22.5,25l22.5,25l5-4.2L39.2,42.5L58.3,21.7z\"><\/path><\/svg><\/span><\/button><button class=\"superblockslider__button__navigation superblockslider__button__next\" aria-label=\"Next slide\"><span class=\"superblockslider__button__next--icon\"><svg width=\"85\" height=\"85\" xmlns=\"http:\/\/www.w3.org\/2000\/svg\" viewBox=\"0 0 85 85\" role=\"img\" aria-hidden=\"true\" focusable=\"false\"><path d=\"M31.7,17.5l-5,4.2l19.2,20.8L26.7,63.3l5,4.2l22.5-25L31.7,17.5z\"><\/path><\/svg><\/span><\/button><\/div><\/div>\n<\/div>\n<\/div><\/div>\n\n\n\n<div id=\"wp-block-themeisle-blocks-advanced-columns-678cc482\" class=\"wp-block-themeisle-blocks-advanced-columns alignfull has-1-columns has-desktop-equal-layout has-tablet-equal-layout has-mobile-collapsedRows-layout has-reverse-columns-mobile has-vertical-bottom ticss-c00aadba\"><div class=\"wp-block-themeisle-blocks-advanced-columns-overlay\"><\/div><div class=\"innerblocks-wrap\">\n<div id=\"wp-block-themeisle-blocks-advanced-column-4d412c51\" class=\"wp-block-themeisle-blocks-advanced-column\">\n<h2 id=\"wp-block-themeisle-blocks-advanced-heading-fb3c7a39\" class=\"wp-block-themeisle-blocks-advanced-heading wp-block-themeisle-blocks-advanced-heading-fb3c7a39\"><\/h2>\n\n\n\n<p class=\"has-text-align-center has-text-color\" style=\"color:#fefefe\"><\/p>\n\n\n\n<div class=\"wp-block-buttons is-content-justification-center is-layout-flex wp-container-core-buttons-is-layout-2 wp-block-buttons-is-layout-flex\"><\/div>\n<\/div>\n<\/div><\/div>\n\n\n\n<div id=\"wp-block-themeisle-blocks-advanced-columns-14a7ba96\" class=\"wp-block-themeisle-blocks-advanced-columns alignfull has-1-columns has-desktop-equal-layout has-tablet-equal-layout has-mobile-collapsedRows-layout has-reverse-columns-mobile has-vertical-bottom ticss-c00aadba\"><div class=\"wp-block-themeisle-blocks-advanced-columns-overlay\"><\/div><div class=\"innerblocks-wrap\">\n<div id=\"wp-block-themeisle-blocks-advanced-column-86eee496\" class=\"wp-block-themeisle-blocks-advanced-column\">\n<h2 id=\"wp-block-themeisle-blocks-advanced-heading-0428cf56\" class=\"wp-block-themeisle-blocks-advanced-heading wp-block-themeisle-blocks-advanced-heading-0428cf56\"><\/h2>\n\n\n\n<p class=\"has-text-align-center has-text-color\" style=\"color:#fefefe\"><\/p>\n\n\n\n<div class=\"wp-block-buttons is-content-justification-center is-layout-flex wp-container-core-buttons-is-layout-3 wp-block-buttons-is-layout-flex\"><\/div>\n<\/div>\n<\/div><\/div>\n\n\n\n<div id=\"wp-block-themeisle-blocks-advanced-columns-f04e5a83\" class=\"wp-block-themeisle-blocks-advanced-columns alignfull has-2-columns has-desktop-equal-layout has-tablet-equal-layout has-mobile-collapsedRows-layout has-reverse-columns-mobile has-vertical-bottom ticss-c00aadba\"><div class=\"wp-block-themeisle-blocks-advanced-columns-overlay\"><\/div><div class=\"innerblocks-wrap\">\n<div id=\"wp-block-themeisle-blocks-advanced-column-6ebb2aec\" class=\"wp-block-themeisle-blocks-advanced-column\">\n<p class=\"has-text-align-center has-background-color has-text-color has-link-color wp-elements-0d838db566a6b5b6f777e9062b0e6876\" style=\"font-size:36px;line-height:1.8\">Producer<br><strong>LABOVSZKY TAMARA<\/strong><br><br>F\u00e9nyk\u00e9pezte<br><strong>MEZEI ZOLT\u00c1N<br><\/strong><br><br>Sound design<br><strong>KRIST\u00d3F M\u00c1RTON<br><\/strong><br>Narr\u00e1tor<br><strong>SZIGETHY S. ESZTER<\/strong><\/p>\n<\/div>\n\n\n\n<div id=\"wp-block-themeisle-blocks-advanced-column-7ac9128d\" class=\"wp-block-themeisle-blocks-advanced-column\">\n<p class=\"has-text-align-center has-background-color has-text-color has-link-color wp-elements-3cb15c678f74e194880b3d44d8b369fc\" style=\"font-size:36px;line-height:1.8\">Rendez\u0151<br><strong>SIMO LAKATOS BARNA<br><\/strong><br>V\u00e1g\u00f3<br><strong><strong>SIMO LAKATOS BARNA <\/strong><br><strong>SZIGETHY S. ESZTER<br><\/strong><\/strong><br>Colorist<br><strong>POGONYI CSONGOR<\/strong><br><br>Konzult\u00e1ns<br><strong>ZABOLAI T\u00cdMEA<br><br><\/strong><\/p>\n<\/div>\n<\/div><\/div>\n\n\n\n<div class=\"wp-block-buttons is-layout-flex wp-block-buttons-is-layout-flex\"><\/div>\n","protected":false},"excerpt":{"rendered":"","protected":false},"author":1,"featured_media":0,"parent":0,"menu_order":0,"comment_status":"closed","ping_status":"closed","template":"","meta":{"_themeisle_gutenberg_block_has_review":false,"footnotes":""},"class_list":["post-17","page","type-page","status-publish","hentry","entry"],"_links":{"self":[{"href":"https:\/\/fogdakezem.com\/hu\/wp-json\/wp\/v2\/pages\/17","targetHints":{"allow":["GET"]}}],"collection":[{"href":"https:\/\/fogdakezem.com\/hu\/wp-json\/wp\/v2\/pages"}],"about":[{"href":"https:\/\/fogdakezem.com\/hu\/wp-json\/wp\/v2\/types\/page"}],"author":[{"embeddable":true,"href":"https:\/\/fogdakezem.com\/hu\/wp-json\/wp\/v2\/users\/1"}],"replies":[{"embeddable":true,"href":"https:\/\/fogdakezem.com\/hu\/wp-json\/wp\/v2\/comments?post=17"}],"version-history":[{"count":115,"href":"https:\/\/fogdakezem.com\/hu\/wp-json\/wp\/v2\/pages\/17\/revisions"}],"predecessor-version":[{"id":455,"href":"https:\/\/fogdakezem.com\/hu\/wp-json\/wp\/v2\/pages\/17\/revisions\/455"}],"wp:attachment":[{"href":"https:\/\/fogdakezem.com\/hu\/wp-json\/wp\/v2\/media?parent=17"}],"curies":[{"name":"wp","href":"https:\/\/api.w.org\/{rel}","templated":true}]}}