{"id":164,"date":"2024-12-08T14:33:20","date_gmt":"2024-12-08T14:33:20","guid":{"rendered":"https:\/\/fogdakezem.com\/?page_id=164"},"modified":"2026-02-06T08:24:19","modified_gmt":"2026-02-06T08:24:19","slug":"tamogasd","status":"publish","type":"page","link":"https:\/\/fogdakezem.com\/hu\/tamogasd\/","title":{"rendered":"T\u00e1mogasd"},"content":{"rendered":"\n<div id=\"wp-block-themeisle-blocks-advanced-columns-2c60bc77\" class=\"wp-block-themeisle-blocks-advanced-columns alignfull has-1-columns has-desktop-equal-layout has-tablet-equal-layout has-mobile-collapsedRows-layout has-reverse-columns-mobile has-vertical-center ticss-c00aadba\"><div class=\"wp-block-themeisle-blocks-advanced-columns-overlay\"><\/div><div class=\"innerblocks-wrap\">\n<div id=\"wp-block-themeisle-blocks-advanced-column-75b9263d\" class=\"wp-block-themeisle-blocks-advanced-column\">\n<div style=\"height:100px\" aria-hidden=\"true\" class=\"wp-block-spacer\"><\/div>\n\n\n\n<h1 id=\"wp-block-themeisle-blocks-advanced-heading-5d5675df\" class=\"wp-block-themeisle-blocks-advanced-heading wp-block-themeisle-blocks-advanced-heading-5d5675df\">Sok kicsi sokra megy<\/h1>\n\n\n\n<p id=\"wp-block-themeisle-blocks-advanced-heading-40ecd43d\" class=\"wp-block-themeisle-blocks-advanced-heading wp-block-themeisle-blocks-advanced-heading-40ecd43d\">T\u00e1mogat\u00e1shoz k\u00e9r\u00fcnk l\u00e9pj kapcsolatba vel\u00fcnk.<\/p>\n\n\n\n<p><\/p>\n\n\n\n<p class=\"has-text-align-left has-background-color has-text-color has-link-color wp-elements-ec6d1aa2a49b3814f4d229a9d536cea3\" style=\"font-size:17px\">Azzal, hogy t\u00e1mogatsz minket, 117 000 gyermek \u00e9s 85 000 szoci\u00e1lis szakember mellet \u00e1llsz ki. Adjunk hangot a meg nem hallgatottaknak azzal, hogy seg\u00edtesz minket eljuttatni a filmet mindenkihez, hogy \u00fajabb filmeket k\u00e9sz\u00edthess\u00fcnk, podcastot ind\u00edthassunk, k\u00f6z\u00f6ss\u00e9gi besz\u00e9lget\u00e9sek \u00e9s konferenci\u00e1k form\u00e1j\u00e1ban beind\u00edtsunk egy val\u00f3di t\u00e1rsadalmi p\u00e1rbesz\u00e9det.<\/p>\n\n\n\n<p class=\"has-text-align-left has-background-color has-text-color has-link-color wp-elements-a1caef1d015f3efc536091694918ecae\" style=\"font-size:17px\">L\u00e9gy r\u00e9sze a k\u00f6z\u00f6ss\u00e9gnek!                         Mindannyian felel\u0151sek vagyunk! <\/p>\n\n\n\n<div class=\"wp-block-buttons is-content-justification-center is-layout-flex wp-container-core-buttons-is-layout-1 wp-block-buttons-is-layout-flex\"><\/div>\n\n\n\n<div style=\"height:100px\" aria-hidden=\"true\" class=\"wp-block-spacer\"><\/div>\n<\/div>\n<\/div><\/div>\n","protected":false},"excerpt":{"rendered":"","protected":false},"author":1,"featured_media":0,"parent":0,"menu_order":0,"comment_status":"closed","ping_status":"closed","template":"","meta":{"_themeisle_gutenberg_block_has_review":false,"footnotes":""},"class_list":["post-164","page","type-page","status-publish","hentry","entry"],"_links":{"self":[{"href":"https:\/\/fogdakezem.com\/hu\/wp-json\/wp\/v2\/pages\/164","targetHints":{"allow":["GET"]}}],"collection":[{"href":"https:\/\/fogdakezem.com\/hu\/wp-json\/wp\/v2\/pages"}],"about":[{"href":"https:\/\/fogdakezem.com\/hu\/wp-json\/wp\/v2\/types\/page"}],"author":[{"embeddable":true,"href":"https:\/\/fogdakezem.com\/hu\/wp-json\/wp\/v2\/users\/1"}],"replies":[{"embeddable":true,"href":"https:\/\/fogdakezem.com\/hu\/wp-json\/wp\/v2\/comments?post=164"}],"version-history":[{"count":15,"href":"https:\/\/fogdakezem.com\/hu\/wp-json\/wp\/v2\/pages\/164\/revisions"}],"predecessor-version":[{"id":595,"href":"https:\/\/fogdakezem.com\/hu\/wp-json\/wp\/v2\/pages\/164\/revisions\/595"}],"wp:attachment":[{"href":"https:\/\/fogdakezem.com\/hu\/wp-json\/wp\/v2\/media?parent=164"}],"curies":[{"name":"wp","href":"https:\/\/api.w.org\/{rel}","templated":true}]}}