{"id":47,"date":"2024-12-07T13:34:07","date_gmt":"2024-12-07T13:34:07","guid":{"rendered":"https:\/\/fogdakezem.com\/?page_id=47"},"modified":"2025-11-01T08:57:22","modified_gmt":"2025-11-01T08:57:22","slug":"vetitesek","status":"publish","type":"page","link":"https:\/\/fogdakezem.com\/en\/vetitesek\/","title":{"rendered":"Screenings"},"content":{"rendered":"<div id=\"wp-block-themeisle-blocks-advanced-columns-2c60bc77\" class=\"wp-block-themeisle-blocks-advanced-columns alignfull has-1-columns has-desktop-equal-layout has-tablet-equal-layout has-mobile-collapsedRows-layout has-reverse-columns-mobile has-vertical-center ticss-c00aadba\"><div class=\"wp-block-themeisle-blocks-advanced-columns-overlay\"><\/div><div class=\"innerblocks-wrap\">\n<div id=\"wp-block-themeisle-blocks-advanced-column-75b9263d\" class=\"wp-block-themeisle-blocks-advanced-column\">\n<div style=\"height:100px\" aria-hidden=\"true\" class=\"wp-block-spacer\"><\/div>\n\n\n\n<h1 id=\"wp-block-themeisle-blocks-advanced-heading-5d5675df\" class=\"wp-block-themeisle-blocks-advanced-heading wp-block-themeisle-blocks-advanced-heading-5d5675df\">Screenings<\/h1>\n\n\n\n<p id=\"wp-block-themeisle-blocks-advanced-heading-40ecd43d\" class=\"wp-block-themeisle-blocks-advanced-heading wp-block-themeisle-blocks-advanced-heading-40ecd43d\">If you would like to invite the film, please contact us.<\/p>\n\n\n\n<div class=\"wp-block-buttons is-content-justification-center is-layout-flex wp-container-core-buttons-is-layout-1 wp-block-buttons-is-layout-flex\">\n<div class=\"wp-block-button is-style-primary\"><a class=\"wp-block-button__link wp-element-button\" href=\"https:\/\/fogdakezem.com\/en\/kapcsolat\/\">Contact<\/a><\/div>\n<\/div>\n\n\n\n<div style=\"height:100px\" aria-hidden=\"true\" class=\"wp-block-spacer\"><\/div>\n<\/div>\n<\/div><\/div>\n\n\n\n<div id=\"wp-block-themeisle-blocks-advanced-columns-f037a91b\" class=\"wp-block-themeisle-blocks-advanced-columns has-1-columns has-desktop-equal-layout has-tablet-equal-layout has-mobile-equal-layout has-vertical-unset\"><div class=\"wp-block-themeisle-blocks-advanced-columns-overlay\"><\/div><div class=\"innerblocks-wrap\">\n<div id=\"wp-block-themeisle-blocks-advanced-column-4d8e4fdb\" class=\"wp-block-themeisle-blocks-advanced-column\">\n<div id=\"wp-block-themeisle-blocks-icon-list-65bffc39\" class=\"wp-block-themeisle-blocks-icon-list\">\n<div id=\"wp-block-themeisle-blocks-icon-list-item-7490cb02\" class=\"wp-block-themeisle-blocks-icon-list-item\"><i class=\"far fa-calendar-alt wp-block-themeisle-blocks-icon-list-item-icon\"><\/i><p class=\"wp-block-themeisle-blocks-icon-list-item-content\">2025.11.20. 18:00 P\u00e9cs &#8211; Apoll\u00f3 Mozi<\/p><\/div>\n\n\n\n<div id=\"wp-block-themeisle-blocks-icon-list-item-4beb2888\" class=\"wp-block-themeisle-blocks-icon-list-item\"><i class=\"far fa-calendar-alt wp-block-themeisle-blocks-icon-list-item-icon\"><\/i><p class=\"wp-block-themeisle-blocks-icon-list-item-content\">2025.11.20. 17:15 Budapest &#8211; Elte T\u00e1Tk <\/p><\/div>\n\n\n\n<div id=\"wp-block-themeisle-blocks-icon-list-item-5b4d9865\" class=\"wp-block-themeisle-blocks-icon-list-item\"><i class=\"far fa-calendar-alt wp-block-themeisle-blocks-icon-list-item-icon\"><\/i><p class=\"wp-block-themeisle-blocks-icon-list-item-content-custom\">2025.10.21. 19:30 Budapest &#8211; MOME Auditorium<\/p><\/div>\n\n\n\n<div id=\"wp-block-themeisle-blocks-icon-list-item-20c78c78\" class=\"wp-block-themeisle-blocks-icon-list-item\"><i class=\"far fa-calendar-alt wp-block-themeisle-blocks-icon-list-item-icon\"><\/i><p class=\"wp-block-themeisle-blocks-icon-list-item-content-custom\">2025.10.18. 18h Eger &#8211; Labor H\u00e1z <\/p><\/div>\n\n\n\n<div id=\"wp-block-themeisle-blocks-icon-list-item-11f9c255\" class=\"wp-block-themeisle-blocks-icon-list-item\"><i class=\"far fa-calendar-alt wp-block-themeisle-blocks-icon-list-item-icon\"><\/i><p class=\"wp-block-themeisle-blocks-icon-list-item-content-custom\">2025.10.17. 18h Als\u00f3pet\u00e9ny &#8211; Kult\u00farh\u00e1z<\/p><\/div>\n\n\n\n<div id=\"wp-block-themeisle-blocks-icon-list-item-bc44fc08\" class=\"wp-block-themeisle-blocks-icon-list-item\"><i class=\"far fa-calendar-alt wp-block-themeisle-blocks-icon-list-item-icon\"><\/i><p class=\"wp-block-themeisle-blocks-icon-list-item-content-custom\">2025.10. 10. 18h Keszthely &#8211; Balaton Sz\u00ednh\u00e1z<\/p><\/div>\n\n\n\n<div id=\"wp-block-themeisle-blocks-icon-list-item-7c6712ee\" class=\"wp-block-themeisle-blocks-icon-list-item ticss-c00aadba\"><i class=\"far fa-calendar-alt wp-block-themeisle-blocks-icon-list-item-icon\"><\/i><p class=\"wp-block-themeisle-blocks-icon-list-item-content-custom\">2025.05.27. 15:00 Goldmark K\u00e1roly M\u0171vel\u0151d\u00e9si K\u00f6zpont<br>2025.05.14. 19:00 Apoll\u00f3 Mozi, P\u00e9cs<br>2025.04.23. 18:00 Belv\u00e1rosi Mozi, Szeged<\/p><\/div>\n\n\n\n<div id=\"wp-block-themeisle-blocks-icon-list-item-8e00b3f3\" class=\"wp-block-themeisle-blocks-icon-list-item ticss-c00aadba\"><i class=\"far fa-calendar-alt wp-block-themeisle-blocks-icon-list-item-icon\"><\/i><p class=\"wp-block-themeisle-blocks-icon-list-item-content-custom\">2025.04.22. 16:00  Kecskem\u00e9t<br>2025.03.28. 17:00 M\u0171vel\u0151d\u00e9si H\u00e1z, Zalasz\u00e1nt\u00f3<br>2025.03.27. 18:00 Savaria Mozi, Szombathely<\/p><\/div>\n\n\n\n<div id=\"wp-block-themeisle-blocks-icon-list-item-ea9f3363\" class=\"wp-block-themeisle-blocks-icon-list-item ticss-c00aadba\"><i class=\"far fa-calendar-alt wp-block-themeisle-blocks-icon-list-item-icon\"><\/i><p class=\"wp-block-themeisle-blocks-icon-list-item-content-custom\">2025.03.23. 17:00 M\u0171vel\u0151d\u00e9si H\u00e1z, Ver\u0151ce<\/p><\/div>\n\n\n\n<div id=\"wp-block-themeisle-blocks-icon-list-item-642c47ce\" class=\"wp-block-themeisle-blocks-icon-list-item ticss-c00aadba\"><i class=\"far fa-calendar-alt wp-block-themeisle-blocks-icon-list-item-icon\"><\/i><p class=\"wp-block-themeisle-blocks-icon-list-item-content-custom\">2025.03.22. 17:00 M\u0171vel\u0151d\u00e9si H\u00e1z, N\u00f3gr\u00e1d<\/p><\/div>\n\n\n\n<div id=\"wp-block-themeisle-blocks-icon-list-item-cb73a2ca\" class=\"wp-block-themeisle-blocks-icon-list-item ticss-c00aadba\"><i class=\"far fa-calendar-alt wp-block-themeisle-blocks-icon-list-item-icon\"><\/i><p class=\"wp-block-themeisle-blocks-icon-list-item-content-custom\">2025.03.11. 17:00 Magnet H\u00e1z, Budapest<\/p><\/div>\n\n\n\n<div id=\"wp-block-themeisle-blocks-icon-list-item-ca5c0372\" class=\"wp-block-themeisle-blocks-icon-list-item ticss-c00aadba\"><i class=\"far fa-calendar-alt wp-block-themeisle-blocks-icon-list-item-icon\"><\/i><p class=\"wp-block-themeisle-blocks-icon-list-item-content-custom\">2025.02.23. 16:00 Bem Mozi, Budapest<\/p><\/div>\n\n\n\n<div id=\"wp-block-themeisle-blocks-icon-list-item-d0399a6c\" class=\"wp-block-themeisle-blocks-icon-list-item ticss-c00aadba\"><i class=\"far fa-calendar-alt wp-block-themeisle-blocks-icon-list-item-icon\"><\/i><p class=\"wp-block-themeisle-blocks-icon-list-item-content-custom\">2025.02.14. 17:00 Oszter Udvarh\u00e1z, K\u00e9kk\u00fat<\/p><\/div>\n\n\n\n<div id=\"wp-block-themeisle-blocks-icon-list-item-06cb8a16\" class=\"wp-block-themeisle-blocks-icon-list-item ticss-c00aadba\"><i class=\"far fa-calendar-alt wp-block-themeisle-blocks-icon-list-item-icon\"><\/i><p class=\"wp-block-themeisle-blocks-icon-list-item-content-custom\">2025.02.08. 12:45 Corvin Mozi, 44. Filmszemle, Budapest<\/p><\/div>\n\n\n\n<div id=\"wp-block-themeisle-blocks-icon-list-item-ada788b6\" class=\"wp-block-themeisle-blocks-icon-list-item\"><i class=\"far fa-calendar-alt wp-block-themeisle-blocks-icon-list-item-icon\"><\/i><p class=\"wp-block-themeisle-blocks-icon-list-item-content-custom\">2025.01.24. 17:00 T\u00f3ti Gal\u00e9ria, K\u00e1ptalant\u00f3ti <\/p><\/div>\n\n\n\n<div id=\"wp-block-themeisle-blocks-icon-list-item-b258184f\" class=\"wp-block-themeisle-blocks-icon-list-item ticss-c00aadba\"><i class=\"far fa-calendar-alt wp-block-themeisle-blocks-icon-list-item-icon\"><\/i><p class=\"wp-block-themeisle-blocks-icon-list-item-content-custom\">2024.11.30 . 17:00 Avasi K\u00f6z\u00f6ss\u00e9gi K\u00e1v\u00e9z\u00f3 &#8211; Miskolc<br>2024.11.28.  15:00 Csal\u00e1d \u00e9s Gyermekj\u00f3l\u00e9ti K\u00f6zpont &#8211; P\u00e1pa<br>2024.11..24. 16:00 P&#8217;art Mozi &#8211; Szentendre  <br>2024.11.23. 17:00 Keszty\u0171gy\u00e1r &#8211; Budapest<br>2024.11.15. 15:00 Csal\u00e1d \u00e9s Gyermekj\u00f3l\u00e9ti K\u00f6zpont &#8211; Asz\u00f3d<br>2024.11.05. 17:00 Kisfaludy M\u0171vel\u0151d\u00e9si K\u00f6zpont &#8211; S\u00fcmeg <br>2024.10.27. 16:00 Bem Mozi, Budapest<br>2024.10.20. 17:00 Dobozi 21, Budapest<br>2024.09.22. 17:00 Pegazus, Szentb\u00e9kk\u00e1lla<br>2024.09.19. 18:00 V\u00e1rosi Mozi, Tapolca<br><br><br><br><\/p><\/div>\n<\/div>\n<\/div>\n<\/div><\/div>\n\n\n\n<figure class=\"wp-block-image size-full\"><img loading=\"lazy\" decoding=\"async\" width=\"500\" height=\"284\" src=\"https:\/\/fogdakezem.com\/wp-content\/uploads\/2025\/01\/sam-raimi-camera-GIF-by-Maudit.gif\" alt=\"\" class=\"wp-image-438\"\/><\/figure>","protected":false},"excerpt":{"rendered":"","protected":false},"author":1,"featured_media":0,"parent":0,"menu_order":0,"comment_status":"closed","ping_status":"closed","template":"","meta":{"_themeisle_gutenberg_block_has_review":false,"footnotes":""},"class_list":["post-47","page","type-page","status-publish","hentry","entry"],"_links":{"self":[{"href":"https:\/\/fogdakezem.com\/en\/wp-json\/wp\/v2\/pages\/47","targetHints":{"allow":["GET"]}}],"collection":[{"href":"https:\/\/fogdakezem.com\/en\/wp-json\/wp\/v2\/pages"}],"about":[{"href":"https:\/\/fogdakezem.com\/en\/wp-json\/wp\/v2\/types\/page"}],"author":[{"embeddable":true,"href":"https:\/\/fogdakezem.com\/en\/wp-json\/wp\/v2\/users\/1"}],"replies":[{"embeddable":true,"href":"https:\/\/fogdakezem.com\/en\/wp-json\/wp\/v2\/comments?post=47"}],"version-history":[{"count":26,"href":"https:\/\/fogdakezem.com\/en\/wp-json\/wp\/v2\/pages\/47\/revisions"}],"predecessor-version":[{"id":593,"href":"https:\/\/fogdakezem.com\/en\/wp-json\/wp\/v2\/pages\/47\/revisions\/593"}],"wp:attachment":[{"href":"https:\/\/fogdakezem.com\/en\/wp-json\/wp\/v2\/media?parent=47"}],"curies":[{"name":"wp","href":"https:\/\/api.w.org\/{rel}","templated":true}]}}