{"id":467,"date":"2025-02-03T09:32:24","date_gmt":"2025-02-03T09:32:24","guid":{"rendered":"https:\/\/fogdakezem.com\/kuldetes\/"},"modified":"2026-02-06T08:24:58","modified_gmt":"2026-02-06T08:24:58","slug":"kuldetes","status":"publish","type":"page","link":"https:\/\/fogdakezem.com\/en\/kuldetes\/","title":{"rendered":"Our mission"},"content":{"rendered":"<div id=\"wp-block-themeisle-blocks-advanced-columns-a2946a77\" class=\"wp-block-themeisle-blocks-advanced-columns alignfull has-2-columns has-desktop-equal-layout has-tablet-equal-layout has-mobile-collapsedRows-layout has-vertical-center ticss-a2946a77 has-dark-bg\"><div class=\"wp-block-themeisle-blocks-advanced-columns-overlay\"><\/div><div class=\"innerblocks-wrap\">\n<div id=\"wp-block-themeisle-blocks-advanced-column-bbddf55b\" class=\"wp-block-themeisle-blocks-advanced-column\"><div class=\"wp-block-image\">\n<figure class=\"aligncenter size-full\"><img loading=\"lazy\" decoding=\"async\" width=\"2560\" height=\"1440\" src=\"https:\/\/fogdakezem.com\/wp-content\/uploads\/2025\/02\/kezek_2.62.1-scaled.jpg\" alt=\"\" class=\"wp-image-470\" srcset=\"https:\/\/fogdakezem.com\/wp-content\/uploads\/2025\/02\/kezek_2.62.1-scaled.jpg 2560w, https:\/\/fogdakezem.com\/wp-content\/uploads\/2025\/02\/kezek_2.62.1-300x169.jpg 300w, https:\/\/fogdakezem.com\/wp-content\/uploads\/2025\/02\/kezek_2.62.1-1024x576.jpg 1024w, https:\/\/fogdakezem.com\/wp-content\/uploads\/2025\/02\/kezek_2.62.1-768x432.jpg 768w, https:\/\/fogdakezem.com\/wp-content\/uploads\/2025\/02\/kezek_2.62.1-1536x864.jpg 1536w, https:\/\/fogdakezem.com\/wp-content\/uploads\/2025\/02\/kezek_2.62.1-2048x1152.jpg 2048w, https:\/\/fogdakezem.com\/wp-content\/uploads\/2025\/02\/kezek_2.62.1-18x10.jpg 18w, https:\/\/fogdakezem.com\/wp-content\/uploads\/2025\/02\/kezek_2.62.1-1568x882.jpg 1568w\" sizes=\"auto, (max-width: 2560px) 100vw, 2560px\" \/><\/figure><\/div><\/div>\n\n\n\n<div id=\"wp-block-themeisle-blocks-advanced-column-92b2db05\" class=\"wp-block-themeisle-blocks-advanced-column\">\n<p id=\"wp-block-themeisle-blocks-advanced-heading-82f63cc5\" class=\"wp-block-themeisle-blocks-advanced-heading wp-block-themeisle-blocks-advanced-heading-82f63cc5\"><\/p>\n\n\n\n<h2 id=\"wp-block-themeisle-blocks-advanced-heading-8f1f2647\" class=\"wp-block-themeisle-blocks-advanced-heading wp-block-themeisle-blocks-advanced-heading-8f1f2647\">OUR MISSION<\/h2>\n\n\n\n<p class=\"has-white-color has-text-color\">We cannot ignore the critical situation faced by those dependent on the social system and the professionals working within it. Our goal is to foster a societal dialogue that can bring about real change. Through our films, we document and present the current state of affairs in an accessible and comprehensible manner. After each screening, we host discussions that build a grassroots community focused on addressing the issues at hand.<\/p>\n\n\n\n<p>T\u00e1rsadalmi felel\u0151ss\u00e9gv\u00e1llal\u00e1st c\u00e9lz\u00f3 tev\u00e9kenys\u00e9g\u00fcnk k\u00f6z\u00e9ppontj\u00e1ban egy olyan f\u00f3rum l\u00e9trehoz\u00e1sa \u00e1ll, ahol politikamentesen, de a val\u00f3di probl\u00e9m\u00e1kra f\u00f3kusz\u00e1lva h\u00edvjuk fel a figyelmet \u00e9s egy\u00fctt keress\u00fck a megold\u00e1sokat.<\/p>\n\n\n\n<p>We share our knowledge with current and future professionals at conferences and in higher education institutions, offering opportunities for dialogue. Furthermore, we are planning to launch a regular podcast to continuously provide space for this important topic.<\/p>\n\n\n\n<p><\/p>\n\n\n\n<div class=\"wp-block-buttons is-layout-flex wp-block-buttons-is-layout-flex\"><\/div>\n<\/div>\n<\/div><\/div>\n\n\n\n<p><\/p>","protected":false},"excerpt":{"rendered":"","protected":false},"author":3,"featured_media":0,"parent":0,"menu_order":0,"comment_status":"closed","ping_status":"closed","template":"","meta":{"_themeisle_gutenberg_block_has_review":false,"footnotes":""},"class_list":["post-467","page","type-page","status-publish","hentry","entry"],"_links":{"self":[{"href":"https:\/\/fogdakezem.com\/en\/wp-json\/wp\/v2\/pages\/467","targetHints":{"allow":["GET"]}}],"collection":[{"href":"https:\/\/fogdakezem.com\/en\/wp-json\/wp\/v2\/pages"}],"about":[{"href":"https:\/\/fogdakezem.com\/en\/wp-json\/wp\/v2\/types\/page"}],"author":[{"embeddable":true,"href":"https:\/\/fogdakezem.com\/en\/wp-json\/wp\/v2\/users\/3"}],"replies":[{"embeddable":true,"href":"https:\/\/fogdakezem.com\/en\/wp-json\/wp\/v2\/comments?post=467"}],"version-history":[{"count":8,"href":"https:\/\/fogdakezem.com\/en\/wp-json\/wp\/v2\/pages\/467\/revisions"}],"predecessor-version":[{"id":596,"href":"https:\/\/fogdakezem.com\/en\/wp-json\/wp\/v2\/pages\/467\/revisions\/596"}],"wp:attachment":[{"href":"https:\/\/fogdakezem.com\/en\/wp-json\/wp\/v2\/media?parent=467"}],"curies":[{"name":"wp","href":"https:\/\/api.w.org\/{rel}","templated":true}]}}